{"id":2190,"date":"2017-05-23T23:36:15","date_gmt":"2017-05-23T22:36:15","guid":{"rendered":"http:\/\/www.tennisclubsaintpriest.fr\/tcsp\/?page_id=2190"},"modified":"2017-08-28T22:07:01","modified_gmt":"2017-08-28T21:07:01","slug":"assurance","status":"publish","type":"page","link":"https:\/\/www.tennisclubsaintpriest.fr\/tcsp\/les-bons-plans-partenaires\/assurance\/","title":{"rendered":"Assurance"},"content":{"rendered":"<table style=\"width: 823px;\" cellspacing=\"0\" cellpadding=\"10\">\n<tbody>\n<tr>\n<td style=\"width: 115px;\"><span style=\"font-size: 18pt;\">Cabinet Boussel<br \/>\n<\/span><\/td>\n<td style=\"width: 311.467px;\"><div class=\"su-quote su-quote-style-default\"><div class=\"su-quote-inner su-u-clearfix su-u-trim\">Le conseil en plus!<\/div><\/div><\/td>\n<td style=\"width: 388.533px;\"><\/td>\n<\/tr>\n<tr>\n<td style=\"width: 115px;\"><a href=\"https:\/\/www.tennisclubsaintpriest.fr\/tcsp\/wp-content\/uploads\/2015\/07\/boussel.png\"><img loading=\"lazy\" decoding=\"async\" class=\"aligncenter wp-image-132 size-full\" src=\"https:\/\/www.tennisclubsaintpriest.fr\/tcsp\/wp-content\/uploads\/2015\/07\/boussel.png\" alt=\"\" width=\"150\" height=\"100\" \/><\/a><\/td>\n<td style=\"width: 700px;\" colspan=\"2\">Cabinet Boussel vous aide \u00e0 trouver les meilleures garanties pour vos assurances et vos placements. D\u00e9couvrez un conseiller attentif qui saura r\u00e9pondre \u00e0 vos questions et vous accompagner tout au long de votre d\u00e9marche !<\/td>\n<\/tr>\n<tr>\n<td style=\"width: 815px;\" colspan=\"3\">Cabinet Boussel<br \/>\n59 rue Aristide Briand<br \/>\n69800 Saint Priest<br \/>\n04.78.20.04.33<br \/>\n<a href=\"http:\/\/www.cabinet-boussel.com\/\">http:\/\/www.cabinet-boussel.com\/<\/a><\/td>\n<\/tr>\n<\/tbody>\n<\/table>\n","protected":false},"excerpt":{"rendered":"<p>Cabinet Boussel Cabinet Boussel vous aide \u00e0 trouver les meilleures garanties pour vos assurances et vos placements. D\u00e9couvrez un conseiller attentif qui saura r\u00e9pondre \u00e0 vos questions et vous accompagner tout au long de votre d\u00e9marche ! Cabinet Boussel 59 rue Aristide Briand 69800 Saint Priest 04.78.20.04.33 http:\/\/www.cabinet-boussel.com\/<\/p>\n","protected":false},"author":1,"featured_media":0,"parent":2117,"menu_order":0,"comment_status":"closed","ping_status":"closed","template":"template.page.fullwidth.sponsors.php","meta":{"footnotes":""},"class_list":["post-2190","page","type-page","status-publish","hentry"],"acf":[],"_links":{"self":[{"href":"https:\/\/www.tennisclubsaintpriest.fr\/tcsp\/wp-json\/wp\/v2\/pages\/2190","targetHints":{"allow":["GET"]}}],"collection":[{"href":"https:\/\/www.tennisclubsaintpriest.fr\/tcsp\/wp-json\/wp\/v2\/pages"}],"about":[{"href":"https:\/\/www.tennisclubsaintpriest.fr\/tcsp\/wp-json\/wp\/v2\/types\/page"}],"author":[{"embeddable":true,"href":"https:\/\/www.tennisclubsaintpriest.fr\/tcsp\/wp-json\/wp\/v2\/users\/1"}],"replies":[{"embeddable":true,"href":"https:\/\/www.tennisclubsaintpriest.fr\/tcsp\/wp-json\/wp\/v2\/comments?post=2190"}],"version-history":[{"count":3,"href":"https:\/\/www.tennisclubsaintpriest.fr\/tcsp\/wp-json\/wp\/v2\/pages\/2190\/revisions"}],"predecessor-version":[{"id":2329,"href":"https:\/\/www.tennisclubsaintpriest.fr\/tcsp\/wp-json\/wp\/v2\/pages\/2190\/revisions\/2329"}],"up":[{"embeddable":true,"href":"https:\/\/www.tennisclubsaintpriest.fr\/tcsp\/wp-json\/wp\/v2\/pages\/2117"}],"wp:attachment":[{"href":"https:\/\/www.tennisclubsaintpriest.fr\/tcsp\/wp-json\/wp\/v2\/media?parent=2190"}],"curies":[{"name":"wp","href":"https:\/\/api.w.org\/{rel}","templated":true}]}}