{"id":2191,"date":"2017-05-23T23:36:15","date_gmt":"2017-05-23T22:36:15","guid":{"rendered":"http:\/\/www.tennisclubsaintpriest.fr\/tcsp\/?page_id=2191"},"modified":"2022-06-03T09:44:24","modified_gmt":"2022-06-03T08:44:24","slug":"vente","status":"publish","type":"page","link":"https:\/\/www.tennisclubsaintpriest.fr\/tcsp\/les-bons-plans-partenaires\/vente\/","title":{"rendered":"Commerce"},"content":{"rendered":"<table style=\"width: 100.707%;\" cellspacing=\"0\" cellpadding=\"10\">\n<tbody>\n<tr>\n<td style=\"width: 30.424%;\">\n<p style=\"text-align: center;\"><span style=\"font-size: 18pt;\">\u00a0<\/span><\/p>\n<p><a href=\"https:\/\/www.tennisclubsaintpriest.fr\/tcsp\/wp-content\/uploads\/2016\/02\/Intersport-Craponne.png\"><img loading=\"lazy\" decoding=\"async\" class=\"alignnone size-medium wp-image-3434\" src=\"https:\/\/www.tennisclubsaintpriest.fr\/tcsp\/wp-content\/uploads\/2016\/02\/Intersport-Craponne-300x300.png\" alt=\"Intersport Craponne\" width=\"300\" height=\"300\" srcset=\"https:\/\/www.tennisclubsaintpriest.fr\/tcsp\/wp-content\/uploads\/2016\/02\/Intersport-Craponne-300x300.png 300w, https:\/\/www.tennisclubsaintpriest.fr\/tcsp\/wp-content\/uploads\/2016\/02\/Intersport-Craponne-150x150.png 150w, https:\/\/www.tennisclubsaintpriest.fr\/tcsp\/wp-content\/uploads\/2016\/02\/Intersport-Craponne-100x100.png 100w, https:\/\/www.tennisclubsaintpriest.fr\/tcsp\/wp-content\/uploads\/2016\/02\/Intersport-Craponne-170x170.png 170w, https:\/\/www.tennisclubsaintpriest.fr\/tcsp\/wp-content\/uploads\/2016\/02\/Intersport-Craponne.png 500w\" sizes=\"auto, (max-width: 300px) 100vw, 300px\" \/><\/a><\/td>\n<td style=\"width: 22.3022%;\">\n<h2><span style=\"font-family: arial, sans-serif;\">Intersport Craponne,<\/span><\/h2>\n<p><span style=\"font-family: arial, sans-serif;\">\u00a02 Avenue \u00c9douard Millaud, <\/span><br \/>\n<span style=\"font-family: arial, sans-serif;\">69290 Craponne, \u00a0 \u00a0 \u00a0 \u00a0 \u00a0 \u00a0 \u00a0 \u00a0 \u00a0 \u00a0\u00a0 <\/span><br \/>\n<span style=\"font-family: arial, sans-serif;\">tel : 04 78 34 01 78, \u00a0\u00a0 \u00a0\u00a0 \u00a0\u00a0 \u00a0 \u00a0<\/span><br \/>\n<span style=\"font-family: arial, sans-serif;\"><a href=\"https:\/\/www.intersport.fr\/Rh%C3%B4ne-69\/CRAPONNE-69290\/INTERSPORT-CRAPONNE\/00804_000\/\">site Web<\/a><\/span><\/td>\n<td style=\"width: 19.5352%;\">\n<h3>Intersport c\u2019est plus de 650 implantations en France et le n\u00b01 mondial de la distribution d&rsquo;articles de sport.<\/h3>\n<\/td>\n<\/tr>\n<tr>\n<td style=\"width: 72.2614%;\" colspan=\"3\">\n<table style=\"border-collapse: collapse; width: 100%;\">\n<tbody>\n<tr>\n<td style=\"width: 50%;\">\n<div><a href=\"https:\/\/www.tennisclubsaintpriest.fr\/tcsp\/wp-content\/uploads\/2021\/12\/ruiz.png\"><img loading=\"lazy\" decoding=\"async\" class=\"alignnone  wp-image-3741\" src=\"https:\/\/www.tennisclubsaintpriest.fr\/tcsp\/wp-content\/uploads\/2021\/12\/ruiz-300x300.png\" alt=\"\" width=\"407\" height=\"407\" srcset=\"https:\/\/www.tennisclubsaintpriest.fr\/tcsp\/wp-content\/uploads\/2021\/12\/ruiz-300x300.png 300w, https:\/\/www.tennisclubsaintpriest.fr\/tcsp\/wp-content\/uploads\/2021\/12\/ruiz-1024x1024.png 1024w, https:\/\/www.tennisclubsaintpriest.fr\/tcsp\/wp-content\/uploads\/2021\/12\/ruiz-150x150.png 150w, https:\/\/www.tennisclubsaintpriest.fr\/tcsp\/wp-content\/uploads\/2021\/12\/ruiz-768x768.png 768w, https:\/\/www.tennisclubsaintpriest.fr\/tcsp\/wp-content\/uploads\/2021\/12\/ruiz-100x100.png 100w, https:\/\/www.tennisclubsaintpriest.fr\/tcsp\/wp-content\/uploads\/2021\/12\/ruiz-170x170.png 170w, https:\/\/www.tennisclubsaintpriest.fr\/tcsp\/wp-content\/uploads\/2021\/12\/ruiz.png 1181w\" sizes=\"auto, (max-width: 407px) 100vw, 407px\" \/><\/a><\/div>\n<\/td>\n<td style=\"width: 50%;\">\n<h2><span style=\"color: #00ff00;\">Vos Diagnostics Immobiliers +\u00a01 Bouteille de Champagne OFFERTS*!!!<\/span><\/h2>\n<div>*Offre valable pour tout nouveau mandat exclusif sign\u00e9 avec votre partenaire Club effiCity (dans la limite de 300\u20ac). Le remboursement des diagnostics s\u2019effectuera par ch\u00e8que \u00e0 compter de la production de l\u2019attestation notari\u00e9e constatant la r\u00e9alisation de la vente.<\/div>\n<\/td>\n<\/tr>\n<tr>\n<td style=\"width: 50%;\">\n<div><a href=\"https:\/\/www.tennisclubsaintpriest.fr\/tcsp\/wp-content\/uploads\/2022\/06\/Me\u0301tropolis-bowling-.png\"><img loading=\"lazy\" decoding=\"async\" class=\"alignnone size-medium wp-image-3963\" src=\"https:\/\/www.tennisclubsaintpriest.fr\/tcsp\/wp-content\/uploads\/2022\/06\/Me\u0301tropolis-bowling--300x300.png\" alt=\"\" width=\"300\" height=\"300\" srcset=\"https:\/\/www.tennisclubsaintpriest.fr\/tcsp\/wp-content\/uploads\/2022\/06\/Me\u0301tropolis-bowling--300x300.png 300w, https:\/\/www.tennisclubsaintpriest.fr\/tcsp\/wp-content\/uploads\/2022\/06\/Me\u0301tropolis-bowling--1024x1024.png 1024w, https:\/\/www.tennisclubsaintpriest.fr\/tcsp\/wp-content\/uploads\/2022\/06\/Me\u0301tropolis-bowling--150x150.png 150w, https:\/\/www.tennisclubsaintpriest.fr\/tcsp\/wp-content\/uploads\/2022\/06\/Me\u0301tropolis-bowling--768x768.png 768w, https:\/\/www.tennisclubsaintpriest.fr\/tcsp\/wp-content\/uploads\/2022\/06\/Me\u0301tropolis-bowling--100x100.png 100w, https:\/\/www.tennisclubsaintpriest.fr\/tcsp\/wp-content\/uploads\/2022\/06\/Me\u0301tropolis-bowling--170x170.png 170w, https:\/\/www.tennisclubsaintpriest.fr\/tcsp\/wp-content\/uploads\/2022\/06\/Me\u0301tropolis-bowling-.png 1080w\" sizes=\"auto, (max-width: 300px) 100vw, 300px\" \/><\/a><\/div>\n<\/td>\n<td style=\"width: 50%;\">\n<pre class=\"moz-quote-pre\">15% de r\u00e9duction sur pr\u00e9sentation de la carte pour les activit\u00e9s Bowling, Laser game et escape game en semaine seulement<\/pre>\n<h2><span style=\"color: #00ff00;\">\u00a0<\/span><\/h2>\n<\/td>\n<\/tr>\n<tr>\n<td style=\"width: 50%;\">\n<div><a href=\"https:\/\/www.tennisclubsaintpriest.fr\/tcsp\/wp-content\/uploads\/2022\/06\/40-40-1.png\"><img loading=\"lazy\" decoding=\"async\" class=\"alignnone size-medium wp-image-3966\" src=\"https:\/\/www.tennisclubsaintpriest.fr\/tcsp\/wp-content\/uploads\/2022\/06\/40-40-1-300x242.png\" alt=\"\" width=\"300\" height=\"242\" srcset=\"https:\/\/www.tennisclubsaintpriest.fr\/tcsp\/wp-content\/uploads\/2022\/06\/40-40-1-300x242.png 300w, https:\/\/www.tennisclubsaintpriest.fr\/tcsp\/wp-content\/uploads\/2022\/06\/40-40-1.png 487w\" sizes=\"auto, (max-width: 300px) 100vw, 300px\" \/><\/a><\/div>\n<\/td>\n<td style=\"width: 50%;\">\n<pre class=\"moz-quote-pre\">St\u00e9phane Plaza immobilier Saint-Priest : Les diagnostics &amp; 500\u20ac sur votre d\u00e9m\u00e9nagement*\n* d\u00e9duit sur les honoraires de vente<\/pre>\n<\/td>\n<\/tr>\n<\/tbody>\n<\/table>\n<\/td>\n<\/tr>\n<\/tbody>\n<\/table>\n<table style=\"width: 100.707%;\" cellspacing=\"0\" cellpadding=\"10\">\n<tbody>\n<tr>\n<td style=\"width: 30.424%;\">\n<p style=\"text-align: center;\">\n<p><a href=\"https:\/\/www.tennisclubsaintpriest.fr\/tcsp\/wp-content\/uploads\/2016\/02\/Lyon-marquage.png\"><img loading=\"lazy\" decoding=\"async\" class=\"alignnone size-full wp-image-3437\" src=\"https:\/\/www.tennisclubsaintpriest.fr\/tcsp\/wp-content\/uploads\/2016\/02\/Lyon-marquage.png\" alt=\"\" width=\"200\" height=\"150\" \/><\/a><\/td>\n<td style=\"width: 22.3022%;\">\n<h2><span style=\"font-family: arial, sans-serif;\">Lyon Marquage<\/span><\/h2>\n<p><span style=\"font-family: arial, sans-serif;\">89 Rue du Dauphin\u00e9, 69800 Saint-Priest, 09 51 52 28 80,<\/span><br \/>\n<span style=\"font-family: arial, sans-serif;\"><a href=\"https:\/\/www.lyon-marquage-services.fr\/\">site Web<\/a><\/span><\/td>\n<td style=\"width: 19.5352%;\">\n<h3>L&rsquo;entreprise Lyon Marquage Services, situ\u00e9e \u00e0 Saint-Priest (69), intervient dans le domaine de la s\u00e9rigraphie, la cr\u00e9ation d&rsquo;enseignes, le marquage \u00e0 fa\u00e7on et le marquage textile.<\/h3>\n<\/td>\n<\/tr>\n<tr>\n<td style=\"width: 72.2614%;\" colspan=\"3\"><\/td>\n<\/tr>\n<\/tbody>\n<\/table>\n<table style=\"width: 100.883%;\" cellspacing=\"0\" cellpadding=\"10\">\n<tbody>\n<tr>\n<td style=\"width: 34.524%;\">\n<p style=\"text-align: center;\"><span style=\"font-size: 18pt;\">Salon de coiffure Daniel Talien<br \/>\n<\/span><\/p>\n<p><a href=\"https:\/\/www.tennisclubsaintpriest.fr\/tcsp\/wp-content\/uploads\/2020\/07\/coiffure_talien.png\"><img loading=\"lazy\" decoding=\"async\" class=\"size-medium wp-image-2984 aligncenter\" src=\"https:\/\/www.tennisclubsaintpriest.fr\/tcsp\/wp-content\/uploads\/2020\/07\/coiffure_talien-193x300.png\" alt=\"\" width=\"193\" height=\"300\" srcset=\"https:\/\/www.tennisclubsaintpriest.fr\/tcsp\/wp-content\/uploads\/2020\/07\/coiffure_talien-193x300.png 193w, https:\/\/www.tennisclubsaintpriest.fr\/tcsp\/wp-content\/uploads\/2020\/07\/coiffure_talien.png 267w\" sizes=\"auto, (max-width: 193px) 100vw, 193px\" \/><\/a><\/td>\n<td style=\"width: 24.2359%;\">Coiffure Daniel Talien<br \/>\n<span class=\"_Xbe\">3 passage du Central Place<\/span><br \/>\n69800 Saint Priest<br \/>\n<span class=\"_Xbe _ZWk kno-fv\"><span data-dtype=\"d3ph\">04.78.20.10.32<\/span><\/span><br \/>\n<a href=\"https:\/\/www.salon-de-coiffure-daniel-talien.com\/\">http:\/https:\/\/www.salon-de-coiffure-daniel-talien.com\/<\/a><\/td>\n<td style=\"width: 10.1877%;\">Le salon de coiffure Daniel Talien, situ\u00e9 dans le centre-ville de Saint-Priest, est labellis\u00e9 par la <strong>HAUTE COIFFURE\u00a0FRAN\u00c7AISE<\/strong> et nous travaillons avec les produits <strong>L&rsquo;OREAL<\/strong>\u00a0et <strong>KERASTASE<\/strong>.<\/td>\n<\/tr>\n<tr>\n<td style=\"width: 68.9476%;\" colspan=\"3\"><\/td>\n<\/tr>\n<\/tbody>\n<\/table>\n<table style=\"width: 823px;\" cellspacing=\"0\" cellpadding=\"10\">\n<tbody>\n<tr>\n<td style=\"width: 115px;\"><span style=\"font-size: 18pt;\">Pro et Cie \/ T\u00e9l\u00e9 2001<br \/>\n<\/span><\/td>\n<td style=\"width: 384.117px;\"><div class=\"su-quote su-quote-style-default\"><div class=\"su-quote-inner su-u-clearfix su-u-trim\">Le r\u00e9flexe gentillesse.<\/div><\/div><\/td>\n<td style=\"width: 316.883px;\"><\/td>\n<\/tr>\n<tr>\n<td style=\"width: 115px;\"><a href=\"https:\/\/www.tennisclubsaintpriest.fr\/tcsp\/wp-content\/uploads\/2017\/05\/pro_et_cie.png\"><img loading=\"lazy\" decoding=\"async\" class=\"aligncenter wp-image-2323 size-full\" src=\"https:\/\/www.tennisclubsaintpriest.fr\/tcsp\/wp-content\/uploads\/2017\/05\/pro_et_cie.png\" alt=\"\" width=\"200\" height=\"200\" srcset=\"https:\/\/www.tennisclubsaintpriest.fr\/tcsp\/wp-content\/uploads\/2017\/05\/pro_et_cie.png 200w, https:\/\/www.tennisclubsaintpriest.fr\/tcsp\/wp-content\/uploads\/2017\/05\/pro_et_cie-150x150.png 150w, https:\/\/www.tennisclubsaintpriest.fr\/tcsp\/wp-content\/uploads\/2017\/05\/pro_et_cie-100x100.png 100w, https:\/\/www.tennisclubsaintpriest.fr\/tcsp\/wp-content\/uploads\/2017\/05\/pro_et_cie-170x170.png 170w\" sizes=\"auto, (max-width: 200px) 100vw, 200px\" \/><\/a><\/td>\n<td style=\"width: 701px;\" colspan=\"2\">Pro&amp;Cie c\u2019est aujourd\u2019hui pr\u00e8s de 500 magasins, pr\u00e8s de 5000 articles dans pr\u00e8s de 100 marques diff\u00e9rentes ! Et c\u2019est surtout un revendeur qui s&rsquo;engage \u00e0 promouvoir les mat\u00e9riels jug\u00e9s performants par leur qualit\u00e9 et leur prix. \u00c0 vous de tester\u2026<\/td>\n<\/tr>\n<tr>\n<td style=\"width: 816px;\" colspan=\"3\">Pro et Cie \/ T\u00e9l\u00e9 2001<br \/>\n<span class=\"_Xbe\">41 Rue Mar\u00e9chal Leclerc<\/span><br \/>\n69800 Saint Priest<br \/>\n<span class=\"_Xbe _ZWk kno-fv\"><span data-dtype=\"d3ph\">04.78.20.21.47<\/span><\/span><br \/>\n<a href=\"http:\/\/www.procie-saint-priest.com\/\">http:\/\/www.procie-saint-priest.com\/<\/a><\/td>\n<\/tr>\n<\/tbody>\n<\/table>\n<table style=\"width: 823px;\" cellspacing=\"0\" cellpadding=\"10\">\n<tbody>\n<tr>\n<td style=\"width: 115px;\"><span style=\"font-size: 18pt;\">D3M<br \/>\n<\/span><\/td>\n<td style=\"width: 529.85px;\"><div class=\"su-quote su-quote-style-default\"><div class=\"su-quote-inner su-u-clearfix su-u-trim\">La force n&rsquo;est rien sans la souplesse.<\/div><\/div><\/td>\n<td style=\"width: 168.15px;\"><\/td>\n<\/tr>\n<tr>\n<td style=\"width: 115px;\"><a href=\"https:\/\/www.tennisclubsaintpriest.fr\/tcsp\/wp-content\/uploads\/2015\/07\/D3M.png\"><img loading=\"lazy\" decoding=\"async\" class=\"aligncenter wp-image-134 size-full\" src=\"https:\/\/www.tennisclubsaintpriest.fr\/tcsp\/wp-content\/uploads\/2015\/07\/D3M.png\" alt=\"\" width=\"150\" height=\"100\" \/><\/a><\/td>\n<td style=\"width: 698px;\" colspan=\"2\">Mat\u00e9riel de manutention.<\/p>\n<p>D3M est le sp\u00e9cialiste des charges lourdes et encombrantes, chariots \u00e0 contrepoids, etc. Gr\u00e2ce \u00e0 une collaboration active avec les plus grandes marques, D3M r\u00e9pond \u00e0 vos attentes dans les plus brefs d\u00e9lais !<\/td>\n<\/tr>\n<tr>\n<td style=\"width: 813px;\" colspan=\"3\">D3M<br \/>\n<span class=\"_Xbe\">11 Avenue Mar\u00e9chal Juin<\/span><br \/>\n69720 Saint-Laurent-de-Mure<br \/>\n<span class=\"_Xbe _ZWk kno-fv\"><span data-dtype=\"d3ph\">04.78.40.80.40<\/span><\/span><br \/>\n<a href=\"https:\/\/www.d3m.fr\/\">https:\/\/www.d3m.fr\/<\/a><\/td>\n<\/tr>\n<\/tbody>\n<\/table>\n","protected":false},"excerpt":{"rendered":"<p>\u00a0 Intersport Craponne, \u00a02 Avenue \u00c9douard Millaud, 69290 Craponne, \u00a0 \u00a0 \u00a0 \u00a0 \u00a0 \u00a0 \u00a0 \u00a0 \u00a0 \u00a0\u00a0 tel : 04 78 34 01 78, \u00a0\u00a0 \u00a0\u00a0 \u00a0\u00a0 \u00a0 \u00a0 site Web Intersport c\u2019est plus de 650 implantations en France et le n\u00b01 mondial de la distribution d&rsquo;articles de sport. Vos Diagnostics Immobiliers +\u00a01 [&hellip;]<\/p>\n","protected":false},"author":1,"featured_media":0,"parent":2117,"menu_order":0,"comment_status":"closed","ping_status":"closed","template":"","meta":{"footnotes":""},"class_list":["post-2191","page","type-page","status-publish","hentry"],"acf":[],"_links":{"self":[{"href":"https:\/\/www.tennisclubsaintpriest.fr\/tcsp\/wp-json\/wp\/v2\/pages\/2191","targetHints":{"allow":["GET"]}}],"collection":[{"href":"https:\/\/www.tennisclubsaintpriest.fr\/tcsp\/wp-json\/wp\/v2\/pages"}],"about":[{"href":"https:\/\/www.tennisclubsaintpriest.fr\/tcsp\/wp-json\/wp\/v2\/types\/page"}],"author":[{"embeddable":true,"href":"https:\/\/www.tennisclubsaintpriest.fr\/tcsp\/wp-json\/wp\/v2\/users\/1"}],"replies":[{"embeddable":true,"href":"https:\/\/www.tennisclubsaintpriest.fr\/tcsp\/wp-json\/wp\/v2\/comments?post=2191"}],"version-history":[{"count":30,"href":"https:\/\/www.tennisclubsaintpriest.fr\/tcsp\/wp-json\/wp\/v2\/pages\/2191\/revisions"}],"predecessor-version":[{"id":3975,"href":"https:\/\/www.tennisclubsaintpriest.fr\/tcsp\/wp-json\/wp\/v2\/pages\/2191\/revisions\/3975"}],"up":[{"embeddable":true,"href":"https:\/\/www.tennisclubsaintpriest.fr\/tcsp\/wp-json\/wp\/v2\/pages\/2117"}],"wp:attachment":[{"href":"https:\/\/www.tennisclubsaintpriest.fr\/tcsp\/wp-json\/wp\/v2\/media?parent=2191"}],"curies":[{"name":"wp","href":"https:\/\/api.w.org\/{rel}","templated":true}]}}