{"id":2299,"date":"2017-08-22T10:40:09","date_gmt":"2017-08-22T09:40:09","guid":{"rendered":"http:\/\/www.tennisclubsaintpriest.fr\/tcsp\/?page_id=2299"},"modified":"2020-07-09T10:36:34","modified_gmt":"2020-07-09T09:36:34","slug":"mode-demploi","status":"publish","type":"page","link":"https:\/\/www.tennisclubsaintpriest.fr\/tcsp\/mode-demploi\/","title":{"rendered":"Mode d&#8217;emploi"},"content":{"rendered":"<p><span style=\"font-size: 18pt;\">Pour r\u00e9server un court de tennis vous pouvez :<\/span><\/p>\n<ul>\n<li><span style=\"font-family: tahoma, arial, helvetica, sans-serif;\">Appeler le club au <strong>04 78 20 38 33<\/strong>.<\/span><\/li>\n<li><span style=\"font-family: tahoma, arial, helvetica, sans-serif;\">2- Vous connecter \u00e0 TENUP en suivant ce lien :&nbsp;<a href=\"https:\/\/tenup.fft.fr\/\" target=\"_blank\" rel=\"noopener noreferrer\">https:\/\/tenup.fft.fr\/<\/a><\/span><\/li>\n<\/ul>\n<p>&nbsp;<\/p>\n<p><span style=\"font-size: 18pt;\">Pour<\/span><span style=\"font-size: 18pt; font-family: tahoma, arial, helvetica, sans-serif;\"> r\u00e9server un court de Padel &#8211; 3 solutions:<\/span><\/p>\n<ul>\n<li><span style=\"font-family: tahoma, arial, helvetica, sans-serif;\">1- Par t\u00e9l\u00e9phone : Appeler le club au&nbsp;04 78 20 38 33.<\/span><\/li>\n<li><span style=\"font-family: tahoma, arial, helvetica, sans-serif;\">2- Via internet \u00e0 l&rsquo;adresse suivante : <a href=\"https:\/\/resa-padelsaintpriest.deciplus.pro\" target=\"_blank\" rel=\"noopener noreferrer\">https:\/\/resa-padelsaintpriest.deciplus.pro<\/a><\/span><\/li>\n<li><span style=\"font-family: tahoma, arial, helvetica, sans-serif;\">ou utiliser ici&nbsp;<a href=\"https:\/\/www.tennisclubsaintpriest.fr\/tcsp\/reservation-padel\/\" target=\"_blank\" rel=\"noopener noreferrer\">https:\/\/www.tennisclubsaintpriest.fr\/tcsp\/reservation-padel\/<\/a><\/span><\/li>\n<\/ul>\n<p><span style=\"font-family: tahoma, arial, helvetica, sans-serif;\">3- Via l&rsquo;application mobile D\u00e9ciplus (vous devez avoir cr\u00e9\u00e9 un compte via le site internet au pr\u00e9alable)<\/span><\/p>\n<p><span style=\"font-family: tahoma, arial, helvetica, sans-serif;\">Entrez le code centre :&nbsp;<span style=\"font-size: 18pt;\"><strong><span style=\"color: #ff00ff;\">padelsaintpriest<\/span><\/strong><\/span><\/span><\/p>\n<p><a href=\"https:\/\/itunes.apple.com\/fr\/app\/deciplus-r%C3%A9servation-sport-et-bien-%C3%AAtre\/id974016219?mt=8\" target=\"_blank\" rel=\"noopener noreferrer\"><img loading=\"lazy\" decoding=\"async\" class=\"alignleft wp-image-2301 size-medium\" src=\"https:\/\/www.tennisclubsaintpriest.fr\/tcsp\/wp-content\/uploads\/2017\/08\/telecharger_playstore-300x102.png\" alt=\"\" width=\"300\" height=\"102\" srcset=\"https:\/\/www.tennisclubsaintpriest.fr\/tcsp\/wp-content\/uploads\/2017\/08\/telecharger_playstore-300x102.png 300w, https:\/\/www.tennisclubsaintpriest.fr\/tcsp\/wp-content\/uploads\/2017\/08\/telecharger_playstore.png 386w\" sizes=\"auto, (max-width: 300px) 100vw, 300px\" \/><\/a><a href=\"https:\/\/play.google.com\/store\/apps\/details?id=com.phonegap.deciplus&amp;hl=fr_FR\" target=\"_blank\" rel=\"noopener noreferrer\"><img loading=\"lazy\" decoding=\"async\" class=\"alignleft wp-image-2302 size-medium\" src=\"https:\/\/www.tennisclubsaintpriest.fr\/tcsp\/wp-content\/uploads\/2017\/08\/t\u00e9l\u00e9chargement_appstore-300x109.png\" alt=\"\" width=\"300\" height=\"109\" srcset=\"https:\/\/www.tennisclubsaintpriest.fr\/tcsp\/wp-content\/uploads\/2017\/08\/t\u00e9l\u00e9chargement_appstore-300x109.png 300w, https:\/\/www.tennisclubsaintpriest.fr\/tcsp\/wp-content\/uploads\/2017\/08\/t\u00e9l\u00e9chargement_appstore.png 337w\" sizes=\"auto, (max-width: 300px) 100vw, 300px\" \/><\/a><\/p>\n<p>&nbsp;<\/p>\n","protected":false},"excerpt":{"rendered":"<p>Pour r\u00e9server un court de tennis vous pouvez : Appeler le club au 04 78 20 38 33. 2- Vous connecter \u00e0 TENUP en suivant ce lien :&nbsp;https:\/\/tenup.fft.fr\/ &nbsp; Pour r\u00e9server un court de Padel &#8211; 3 solutions: 1- Par t\u00e9l\u00e9phone : Appeler le club au&nbsp;04 78 20 38 33. 2- Via internet \u00e0 l&rsquo;adresse [&hellip;]<\/p>\n","protected":false},"author":1,"featured_media":0,"parent":0,"menu_order":0,"comment_status":"closed","ping_status":"closed","template":"template.page.fullwidth.php","meta":{"footnotes":""},"class_list":["post-2299","page","type-page","status-publish","hentry"],"acf":[],"_links":{"self":[{"href":"https:\/\/www.tennisclubsaintpriest.fr\/tcsp\/wp-json\/wp\/v2\/pages\/2299","targetHints":{"allow":["GET"]}}],"collection":[{"href":"https:\/\/www.tennisclubsaintpriest.fr\/tcsp\/wp-json\/wp\/v2\/pages"}],"about":[{"href":"https:\/\/www.tennisclubsaintpriest.fr\/tcsp\/wp-json\/wp\/v2\/types\/page"}],"author":[{"embeddable":true,"href":"https:\/\/www.tennisclubsaintpriest.fr\/tcsp\/wp-json\/wp\/v2\/users\/1"}],"replies":[{"embeddable":true,"href":"https:\/\/www.tennisclubsaintpriest.fr\/tcsp\/wp-json\/wp\/v2\/comments?post=2299"}],"version-history":[{"count":10,"href":"https:\/\/www.tennisclubsaintpriest.fr\/tcsp\/wp-json\/wp\/v2\/pages\/2299\/revisions"}],"predecessor-version":[{"id":2980,"href":"https:\/\/www.tennisclubsaintpriest.fr\/tcsp\/wp-json\/wp\/v2\/pages\/2299\/revisions\/2980"}],"wp:attachment":[{"href":"https:\/\/www.tennisclubsaintpriest.fr\/tcsp\/wp-json\/wp\/v2\/media?parent=2299"}],"curies":[{"name":"wp","href":"https:\/\/api.w.org\/{rel}","templated":true}]}}