{"id":2331,"date":"2017-08-28T22:46:03","date_gmt":"2017-08-28T21:46:03","guid":{"rendered":"http:\/\/www.tennisclubsaintpriest.fr\/tcsp\/?page_id=2331"},"modified":"2017-08-28T23:01:07","modified_gmt":"2017-08-28T22:01:07","slug":"hotellerie","status":"publish","type":"page","link":"https:\/\/www.tennisclubsaintpriest.fr\/tcsp\/les-bons-plans-partenaires\/hotellerie\/","title":{"rendered":"Hotellerie"},"content":{"rendered":"<table style=\"width: 823px;\" cellspacing=\"0\" cellpadding=\"10\">\n<tbody>\n<tr>\n<td style=\"width: 115px;\"><span style=\"font-size: 18pt;\">H\u00f4tel Artys<br \/>\n<\/span><\/td>\n<td style=\"width: 549.6px;\"><div class=\"su-quote su-quote-style-default\"><div class=\"su-quote-inner su-u-clearfix su-u-trim\">Chambres spacieuses, salles de r\u00e9union, R\u00e9c\u00e9ption, Bar et Petits d\u00e9jeuner.<\/div><\/div><\/td>\n<td style=\"width: 145.4px;\"><\/td>\n<\/tr>\n<tr>\n<td style=\"width: 115px;\"><a href=\"https:\/\/www.tennisclubsaintpriest.fr\/tcsp\/wp-content\/uploads\/2017\/08\/hotel-Artys.png\"><img loading=\"lazy\" decoding=\"async\" class=\"aligncenter wp-image-2334 size-full\" src=\"https:\/\/www.tennisclubsaintpriest.fr\/tcsp\/wp-content\/uploads\/2017\/08\/hotel-Artys.png\" alt=\"\" width=\"190\" height=\"160\" \/><\/a><\/td>\n<td style=\"width: 695px;\" colspan=\"2\">H\u00f4tel Artys vous accueille dans le centre-ville de Saint-Priest et vous propose des chambres spacieuses, une salle de r\u00e9union ainsi qu\u2019un bar et un service de petit-d\u00e9jeuner. Pour une nuit, une semaine ou plus, venez d\u00e9couvrir un h\u00f4tel *** qui les m\u00e9rite !<\/p>\n<p>&nbsp;<\/td>\n<\/tr>\n<tr>\n<td style=\"width: 810px;\" colspan=\"3\">H\u00f4tel Artys<br \/>\n64 route d&rsquo;Heyrieux<br \/>\n69800 Saint Priest<br \/>\nTel : 04.78.20.47.46<br \/>\nFax : 04 78 21 82 58<br \/>\n<a href=\"mailto:artyshotel@orange.fr\">artyshotel@orange.fr<\/a><\/td>\n<\/tr>\n<\/tbody>\n<\/table>\n<p>&nbsp;<\/p>\n","protected":false},"excerpt":{"rendered":"<p>H\u00f4tel Artys H\u00f4tel Artys vous accueille dans le centre-ville de Saint-Priest et vous propose des chambres spacieuses, une salle de r\u00e9union ainsi qu\u2019un bar et un service de petit-d\u00e9jeuner. Pour une nuit, une semaine ou plus, venez d\u00e9couvrir un h\u00f4tel *** qui les m\u00e9rite ! &nbsp; H\u00f4tel Artys 64 route d&rsquo;Heyrieux 69800 Saint Priest Tel [&hellip;]<\/p>\n","protected":false},"author":1,"featured_media":0,"parent":2117,"menu_order":0,"comment_status":"closed","ping_status":"closed","template":"template.page.fullwidth.sponsors.php","meta":{"footnotes":""},"class_list":["post-2331","page","type-page","status-publish","hentry"],"acf":[],"_links":{"self":[{"href":"https:\/\/www.tennisclubsaintpriest.fr\/tcsp\/wp-json\/wp\/v2\/pages\/2331","targetHints":{"allow":["GET"]}}],"collection":[{"href":"https:\/\/www.tennisclubsaintpriest.fr\/tcsp\/wp-json\/wp\/v2\/pages"}],"about":[{"href":"https:\/\/www.tennisclubsaintpriest.fr\/tcsp\/wp-json\/wp\/v2\/types\/page"}],"author":[{"embeddable":true,"href":"https:\/\/www.tennisclubsaintpriest.fr\/tcsp\/wp-json\/wp\/v2\/users\/1"}],"replies":[{"embeddable":true,"href":"https:\/\/www.tennisclubsaintpriest.fr\/tcsp\/wp-json\/wp\/v2\/comments?post=2331"}],"version-history":[{"count":2,"href":"https:\/\/www.tennisclubsaintpriest.fr\/tcsp\/wp-json\/wp\/v2\/pages\/2331\/revisions"}],"predecessor-version":[{"id":2335,"href":"https:\/\/www.tennisclubsaintpriest.fr\/tcsp\/wp-json\/wp\/v2\/pages\/2331\/revisions\/2335"}],"up":[{"embeddable":true,"href":"https:\/\/www.tennisclubsaintpriest.fr\/tcsp\/wp-json\/wp\/v2\/pages\/2117"}],"wp:attachment":[{"href":"https:\/\/www.tennisclubsaintpriest.fr\/tcsp\/wp-json\/wp\/v2\/media?parent=2331"}],"curies":[{"name":"wp","href":"https:\/\/api.w.org\/{rel}","templated":true}]}}