{"id":2341,"date":"2017-08-28T23:40:53","date_gmt":"2017-08-28T22:40:53","guid":{"rendered":"http:\/\/www.tennisclubsaintpriest.fr\/tcsp\/?page_id=2341"},"modified":"2020-07-09T21:43:40","modified_gmt":"2020-07-09T20:43:40","slug":"medical","status":"publish","type":"page","link":"https:\/\/www.tennisclubsaintpriest.fr\/tcsp\/les-bons-plans-partenaires\/medical\/","title":{"rendered":"M\u00e9dical"},"content":{"rendered":"<table style=\"width: 823px;\" cellspacing=\"0\" cellpadding=\"10\">\n<tbody>\n<tr>\n<td style=\"width: 237.25px;\"><span style=\"font-size: 18pt;\">Saint-Priest M\u00e9dial<br \/>\n<\/span><\/td>\n<td style=\"width: 341.75px;\"><div class=\"su-quote su-quote-style-default\"><div class=\"su-quote-inner su-u-clearfix su-u-trim\">Mat\u00e9riel m\u00e9dical.<\/div><\/div><\/td>\n<td style=\"width: 187px;\"><\/td>\n<\/tr>\n<tr>\n<td style=\"width: 237.25px;\"><a href=\"https:\/\/www.tennisclubsaintpriest.fr\/tcsp\/wp-content\/uploads\/2017\/08\/St_priest_mediacal.png\"><img loading=\"lazy\" decoding=\"async\" class=\"aligncenter wp-image-2342 size-medium\" src=\"https:\/\/www.tennisclubsaintpriest.fr\/tcsp\/wp-content\/uploads\/2017\/08\/St_priest_mediacal-300x53.png\" alt=\"\" width=\"300\" height=\"53\" srcset=\"https:\/\/www.tennisclubsaintpriest.fr\/tcsp\/wp-content\/uploads\/2017\/08\/St_priest_mediacal-300x53.png 300w, https:\/\/www.tennisclubsaintpriest.fr\/tcsp\/wp-content\/uploads\/2017\/08\/St_priest_mediacal.png 345w\" sizes=\"auto, (max-width: 300px) 100vw, 300px\" \/><\/a><\/td>\n<td style=\"width: 528.75px;\" colspan=\"2\">Situ\u00e9 \u00e0 Saint-Priest au centre commercial M\u00e9nival, SAINT PRIEST MEDICAL est un magasin sp\u00e9cialis\u00e9 dans la distribution, la vente, la location de mat\u00e9riel m\u00e9dical aupr\u00e8s des aidants, des particuliers. Vous trouverez de v\u00e9ritables conseils avec plusieurs espaces \u00e0 votre disposition.<\/td>\n<\/tr>\n<tr>\n<td style=\"width: 766px;\" colspan=\"3\">Saint-Priest M\u00e9dical<br \/>\n40 rue Louis Braille<br \/>\n69800 Saint Priest<\/p>\n<div class=\"image-tel \">04.72.23.03.03<\/div>\n<\/td>\n<\/tr>\n<\/tbody>\n<\/table>\n","protected":false},"excerpt":{"rendered":"<p>Saint-Priest M\u00e9dial Situ\u00e9 \u00e0 Saint-Priest au centre commercial M\u00e9nival, SAINT PRIEST MEDICAL est un magasin sp\u00e9cialis\u00e9 dans la distribution, la vente, la location de mat\u00e9riel m\u00e9dical aupr\u00e8s des aidants, des particuliers. Vous trouverez de v\u00e9ritables conseils avec plusieurs espaces \u00e0 votre disposition. Saint-Priest M\u00e9dical 40 rue Louis Braille 69800 Saint Priest 04.72.23.03.03<\/p>\n","protected":false},"author":1,"featured_media":0,"parent":2117,"menu_order":0,"comment_status":"closed","ping_status":"closed","template":"template.page.fullwidth.sponsors.php","meta":{"footnotes":""},"class_list":["post-2341","page","type-page","status-publish","hentry"],"acf":[],"_links":{"self":[{"href":"https:\/\/www.tennisclubsaintpriest.fr\/tcsp\/wp-json\/wp\/v2\/pages\/2341","targetHints":{"allow":["GET"]}}],"collection":[{"href":"https:\/\/www.tennisclubsaintpriest.fr\/tcsp\/wp-json\/wp\/v2\/pages"}],"about":[{"href":"https:\/\/www.tennisclubsaintpriest.fr\/tcsp\/wp-json\/wp\/v2\/types\/page"}],"author":[{"embeddable":true,"href":"https:\/\/www.tennisclubsaintpriest.fr\/tcsp\/wp-json\/wp\/v2\/users\/1"}],"replies":[{"embeddable":true,"href":"https:\/\/www.tennisclubsaintpriest.fr\/tcsp\/wp-json\/wp\/v2\/comments?post=2341"}],"version-history":[{"count":9,"href":"https:\/\/www.tennisclubsaintpriest.fr\/tcsp\/wp-json\/wp\/v2\/pages\/2341\/revisions"}],"predecessor-version":[{"id":2982,"href":"https:\/\/www.tennisclubsaintpriest.fr\/tcsp\/wp-json\/wp\/v2\/pages\/2341\/revisions\/2982"}],"up":[{"embeddable":true,"href":"https:\/\/www.tennisclubsaintpriest.fr\/tcsp\/wp-json\/wp\/v2\/pages\/2117"}],"wp:attachment":[{"href":"https:\/\/www.tennisclubsaintpriest.fr\/tcsp\/wp-json\/wp\/v2\/media?parent=2341"}],"curies":[{"name":"wp","href":"https:\/\/api.w.org\/{rel}","templated":true}]}}