{"id":249,"date":"2015-07-20T07:27:25","date_gmt":"2015-07-20T06:27:25","guid":{"rendered":"http:\/\/88.168.60.109\/tcsp\/?page_id=249"},"modified":"2016-03-23T22:15:02","modified_gmt":"2016-03-23T21:15:02","slug":"le-secretariat","status":"publish","type":"page","link":"https:\/\/www.tennisclubsaintpriest.fr\/tcsp\/le-club\/le-secretariat\/","title":{"rendered":"Le secr\u00e9tariat"},"content":{"rendered":"<p>St\u00e9phanie et\u00a0V\u00e9ronique sont vous accueillent et vous renseignent au club, par t\u00e9l\u00e9phone ou par email.<\/p>\n<p>Vous pouvez les contacter pour toutes vos demandes ou r\u00e9servations de courts. Elles sauront vous guider et vous renseigner pour tout ce qui concerne la vie du club. Les animations, les tournois jeunes et adultes, les horaires, les dates d&rsquo;\u00e9venements.<\/p>\n<p>Elles se feront aussi un plaisir de vous servir au bar\u00a0ou en terrasse\u00a0les boissons fra\u00eeches et autres collations ap\u00e9ritives.<\/p>\n<p>Et si vous jouez en comp\u00e9titions par \u00e9quipes, vous aurez sans doute la chance de go\u00fbter \u00e0 leurs confections culinaires que tous les clubs de tennis nous envient.\u00a0 \ud83d\ude1b<\/p>\n<p>&nbsp;<\/p>\n<div class=\"ots-team-view\" id=\"\" data-id=\"ots-69d3a83b349b7\">\r\n<div id=\"sc_our_team\" class=\"grid_circles2 sc-col5\">\r\n\r\n    <div class=\"clear\"><\/div>\r\n\r\n    \r\n        \r\n                \r\n            <div itemscope itemtype=\"http:\/\/schema.org\/Person\" \r\n                 class=\"sc_team_member\" \r\n                 data-id=\"232\"\r\n                data-group=\"Secr\u00e9tariat\">\r\n\r\n                <div class=\"sc_team_member_inner\">\r\n\r\n                    <img loading=\"lazy\" decoding=\"async\" width=\"625\" height=\"416\" src=\"https:\/\/www.tennisclubsaintpriest.fr\/tcsp\/wp-content\/uploads\/2016\/04\/DSC_0408-1024x681.jpg\" class=\"attachment-large size-large wp-post-image\" alt=\"\" srcset=\"https:\/\/www.tennisclubsaintpriest.fr\/tcsp\/wp-content\/uploads\/2016\/04\/DSC_0408-1024x681.jpg 1024w, https:\/\/www.tennisclubsaintpriest.fr\/tcsp\/wp-content\/uploads\/2016\/04\/DSC_0408-300x199.jpg 300w, https:\/\/www.tennisclubsaintpriest.fr\/tcsp\/wp-content\/uploads\/2016\/04\/DSC_0408-768x511.jpg 768w\" sizes=\"auto, (max-width: 625px) 100vw, 625px\" \/>\r\n                    \r\n                        <div itemprop=\"name\" class=\"sc_team_member_name\">\r\n\r\n                            \r\n                                <a href=\"https:\/\/www.tennisclubsaintpriest.fr\/tcsp\/team_member\/stephanie-bechard\/\" rel=\"bookmark\" class=\"team_member_link\">\r\n\r\n                                    St\u00e9phanie Bechard\r\n                                <\/a>\r\n\r\n                            \r\n                        <\/div>\r\n\r\n                    \r\n                    \r\n                        <div itemprop=\"jobtitle\" class=\"sc_team_member_jobtitle\">\r\n                            <span>Secr\u00e9taire<\/span>\r\n                        <\/div>\r\n\r\n                    \r\n                    <div class=\"icons \">\r\n                                            <\/div>\r\n\r\n                    <div class=\"sc_team_member_overlay\"><\/div>\r\n\r\n                <\/div>\r\n\r\n            <\/div>\r\n\r\n            \r\n        \r\n                \r\n            <div itemscope itemtype=\"http:\/\/schema.org\/Person\" \r\n                 class=\"sc_team_member\" \r\n                 data-id=\"233\"\r\n                data-group=\"Secr\u00e9tariat\">\r\n\r\n                <div class=\"sc_team_member_inner\">\r\n\r\n                    <img loading=\"lazy\" decoding=\"async\" width=\"400\" height=\"400\" src=\"https:\/\/www.tennisclubsaintpriest.fr\/tcsp\/wp-content\/uploads\/2015\/07\/vero_400_400.png\" class=\"attachment-large size-large wp-post-image\" alt=\"\" srcset=\"https:\/\/www.tennisclubsaintpriest.fr\/tcsp\/wp-content\/uploads\/2015\/07\/vero_400_400.png 400w, https:\/\/www.tennisclubsaintpriest.fr\/tcsp\/wp-content\/uploads\/2015\/07\/vero_400_400-150x150.png 150w, https:\/\/www.tennisclubsaintpriest.fr\/tcsp\/wp-content\/uploads\/2015\/07\/vero_400_400-300x300.png 300w, https:\/\/www.tennisclubsaintpriest.fr\/tcsp\/wp-content\/uploads\/2015\/07\/vero_400_400-100x100.png 100w, https:\/\/www.tennisclubsaintpriest.fr\/tcsp\/wp-content\/uploads\/2015\/07\/vero_400_400-170x170.png 170w\" sizes=\"auto, (max-width: 400px) 100vw, 400px\" \/>\r\n                    \r\n                        <div itemprop=\"name\" class=\"sc_team_member_name\">\r\n\r\n                            \r\n                                <a href=\"https:\/\/www.tennisclubsaintpriest.fr\/tcsp\/team_member\/veronique-revellin\/\" rel=\"bookmark\" class=\"team_member_link\">\r\n\r\n                                    V\u00e9ronique Revellin\r\n                                <\/a>\r\n\r\n                            \r\n                        <\/div>\r\n\r\n                    \r\n                    \r\n                        <div itemprop=\"jobtitle\" class=\"sc_team_member_jobtitle\">\r\n                            <span>Secr\u00e9taire<\/span>\r\n                        <\/div>\r\n\r\n                    \r\n                    <div class=\"icons \">\r\n                                            <\/div>\r\n\r\n                    <div class=\"sc_team_member_overlay\"><\/div>\r\n\r\n                <\/div>\r\n\r\n            <\/div>\r\n\r\n            \r\n        \r\n    \r\n    <div class=\"clear\"><\/div>\r\n\r\n<\/div>\r\n<\/div>\n","protected":false},"excerpt":{"rendered":"<p>St\u00e9phanie et\u00a0V\u00e9ronique sont vous accueillent et vous renseignent au club, par t\u00e9l\u00e9phone ou par email. Vous pouvez les contacter pour toutes vos demandes ou r\u00e9servations de courts. Elles sauront vous guider et vous renseigner pour tout ce qui concerne la vie du club. Les animations, les tournois jeunes et adultes, les horaires, les dates d&rsquo;\u00e9venements. [&hellip;]<\/p>\n","protected":false},"author":1,"featured_media":0,"parent":115,"menu_order":0,"comment_status":"closed","ping_status":"open","template":"template.page.fullwidth.accueil.php","meta":{"footnotes":""},"class_list":["post-249","page","type-page","status-publish","hentry"],"acf":[],"_links":{"self":[{"href":"https:\/\/www.tennisclubsaintpriest.fr\/tcsp\/wp-json\/wp\/v2\/pages\/249","targetHints":{"allow":["GET"]}}],"collection":[{"href":"https:\/\/www.tennisclubsaintpriest.fr\/tcsp\/wp-json\/wp\/v2\/pages"}],"about":[{"href":"https:\/\/www.tennisclubsaintpriest.fr\/tcsp\/wp-json\/wp\/v2\/types\/page"}],"author":[{"embeddable":true,"href":"https:\/\/www.tennisclubsaintpriest.fr\/tcsp\/wp-json\/wp\/v2\/users\/1"}],"replies":[{"embeddable":true,"href":"https:\/\/www.tennisclubsaintpriest.fr\/tcsp\/wp-json\/wp\/v2\/comments?post=249"}],"version-history":[{"count":4,"href":"https:\/\/www.tennisclubsaintpriest.fr\/tcsp\/wp-json\/wp\/v2\/pages\/249\/revisions"}],"predecessor-version":[{"id":559,"href":"https:\/\/www.tennisclubsaintpriest.fr\/tcsp\/wp-json\/wp\/v2\/pages\/249\/revisions\/559"}],"up":[{"embeddable":true,"href":"https:\/\/www.tennisclubsaintpriest.fr\/tcsp\/wp-json\/wp\/v2\/pages\/115"}],"wp:attachment":[{"href":"https:\/\/www.tennisclubsaintpriest.fr\/tcsp\/wp-json\/wp\/v2\/media?parent=249"}],"curies":[{"name":"wp","href":"https:\/\/api.w.org\/{rel}","templated":true}]}}