{"id":2737,"date":"2018-08-21T00:31:50","date_gmt":"2018-08-20T23:31:50","guid":{"rendered":"http:\/\/www.tennisclubsaintpriest.fr\/tcsp\/?page_id=2737"},"modified":"2019-08-27T20:39:46","modified_gmt":"2019-08-27T19:39:46","slug":"grand-prix-2020","status":"publish","type":"page","link":"https:\/\/www.tennisclubsaintpriest.fr\/tcsp\/actualites\/grand-prix-2020\/","title":{"rendered":"Grand Prix 2020"},"content":{"rendered":"<table>\n<tbody>\n<tr>\n<td><div class=\"su-custom-gallery su-custom-gallery-title-hover\"><div class=\"su-custom-gallery-slide\"><a href=\"https:\/\/www.tennisclubsaintpriest.fr\/tcsp\/wp-content\/uploads\/2019\/08\/AFFICHE-CNGT-2020.jpg\" title=\"AFFICHE CNGT 2020\"><img loading=\"lazy\" decoding=\"async\" src=\"https:\/\/www.tennisclubsaintpriest.fr\/tcsp\/wp-content\/uploads\/2019\/08\/AFFICHE-CNGT-2020-240x290.jpg\" alt=\"AFFICHE CNGT 2020\" width=\"240\" height=\"290\" \/><span class=\"su-custom-gallery-title\">AFFICHE CNGT 2020<\/span><\/a><\/div><div class=\"su-clear\"><\/div><\/div><\/td>\n<td>Du 30 ao\u00fbt au 29 septembre, le Grand Prix de Tennis de Saint-Priest (CNGT) revient pour sa 45\u00e8me \u00e9dition sous le signe de la nature !<\/p>\n<p>Non class\u00e9 ou N\u00b01 fran\u00e7ais, le Grand Prix est l&rsquo;occasion de venir gagner ses points de l&rsquo;ann\u00e9e au classement et d&rsquo;affronter des joueurs de haut niveau.<\/p>\n<p>les cat\u00e9gories sont suivantes :<br \/>\nSENIOR DAMES, +35 DAMES<br \/>\nSENIOR MESSIEURS, +35 MESSIEURS, +45 MESSIEURS, +55 MESSIEURS, +65 MESSIEURS<\/td>\n<\/tr>\n<\/tbody>\n<\/table>\n<p>Le planning pr\u00e9visionnel des entr\u00e9es dans le tournoi par classement<\/p>\n<div class=\"su-custom-gallery su-custom-gallery-title-hover\"><div class=\"su-custom-gallery-slide\"><a href=\"https:\/\/www.tennisclubsaintpriest.fr\/tcsp\/wp-content\/uploads\/2019\/08\/pr\u00e9visionel-open-2020.jpg\" title=\"pr\u00e9visionel open 2020\"><img loading=\"lazy\" decoding=\"async\" src=\"https:\/\/www.tennisclubsaintpriest.fr\/tcsp\/wp-content\/uploads\/2019\/08\/pr\u00e9visionel-open-2020-250x290.jpg\" alt=\"pr\u00e9visionel open 2020\" width=\"250\" height=\"290\" \/><span class=\"su-custom-gallery-title\">pr\u00e9visionel open 2020<\/span><\/a><\/div><div class=\"su-custom-gallery-slide\"><a href=\"https:\/\/www.tennisclubsaintpriest.fr\/tcsp\/wp-content\/uploads\/2018\/08\/2019-Nouveaux-terrains-St-Priest.png\" title=\"2019 &#8211; Nouveaux terrains St Priest\"><img loading=\"lazy\" decoding=\"async\" src=\"https:\/\/www.tennisclubsaintpriest.fr\/tcsp\/wp-content\/uploads\/2018\/08\/2019-Nouveaux-terrains-St-Priest-250x290.png\" alt=\"2019 &#8211; Nouveaux terrains St Priest\" width=\"250\" height=\"290\" \/><span class=\"su-custom-gallery-title\">2019 &#8211; Nouveaux terrains St Priest<\/span><\/a><\/div><div class=\"su-custom-gallery-slide\"><a href=\"https:\/\/www.tennisclubsaintpriest.fr\/tcsp\/wp-content\/uploads\/2019\/08\/AFFICHE-CNGT-2020.jpg\" title=\"AFFICHE CNGT 2020\"><img loading=\"lazy\" decoding=\"async\" src=\"https:\/\/www.tennisclubsaintpriest.fr\/tcsp\/wp-content\/uploads\/2019\/08\/AFFICHE-CNGT-2020-250x290.jpg\" alt=\"AFFICHE CNGT 2020\" width=\"250\" height=\"290\" \/><span class=\"su-custom-gallery-title\">AFFICHE CNGT 2020<\/span><\/a><\/div><div class=\"su-clear\"><\/div><\/div>\n<p>Inscrivez-vous en ligne, par e-mail \u00e0 tennisclub.sp@wanadoo.fr ou par courrier \u00e0 Tennis Club Saint-Priest, 30 avenue Pierre Mend\u00e8s France, BP 209, 69802 SAINT-PRIEST CEDEX.<\/p>\n<p>T\u00e9l\u00e9chargez la fiche d&rsquo;inscription ci-dessous :<br \/>\n<div class=\"su-document su-u-responsive-media-yes\"><iframe loading=\"lazy\" src=\"\/\/docs.google.com\/viewer?embedded=true&url=https:\/\/www.tennisclubsaintpriest.fr\/tcsp\/wp-content\/uploads\/2019\/08\/bulletin-dinscription-tournoi-OPEN-2020.pdf\" width=\"210\" height=\"300\" class=\"su-document\" title=\"\"><\/iframe><\/div><br \/>\n<!--\n<a href=\"https:\/\/www.tennisclubsaintpriest.fr\/tcsp\/wp-content\/uploads\/2018\/08\/FICHE-INSCRIPTION-OPEN-TCSP.pdf\" target=\"newFrame\">\n<img loading=\"lazy\" decoding=\"async\" src=\"https:\/\/www.tennisclubsaintpriest.fr\/tcsp\/wp-content\/uploads\/2018\/08\/2019_fiche_inscription_miniature.png\" alt=\"\" width=\"212\" height=\"300\" class=\"aligncenter size-medium wp-image-2763\" srcset=\"https:\/\/www.tennisclubsaintpriest.fr\/tcsp\/wp-content\/uploads\/2018\/08\/2019_fiche_inscription_miniature.png 240w, https:\/\/www.tennisclubsaintpriest.fr\/tcsp\/wp-content\/uploads\/2018\/08\/2019_fiche_inscription_miniature-212x300.png 212w\" sizes=\"auto, (max-width: 212px) 100vw, 212px\" \/>\n<\/a>\n--><\/p>\n","protected":false},"excerpt":{"rendered":"<p>Du 30 ao\u00fbt au 29 septembre, le Grand Prix de Tennis de Saint-Priest (CNGT) revient pour sa 45\u00e8me \u00e9dition sous le signe de la nature ! Non class\u00e9 ou N\u00b01 fran\u00e7ais, le Grand Prix est l&rsquo;occasion de venir gagner ses points de l&rsquo;ann\u00e9e au classement et d&rsquo;affronter des joueurs de haut niveau. les cat\u00e9gories sont [&hellip;]<\/p>\n","protected":false},"author":8,"featured_media":2829,"parent":123,"menu_order":0,"comment_status":"open","ping_status":"open","template":"","meta":{"footnotes":""},"class_list":["post-2737","page","type-page","status-publish","has-post-thumbnail","hentry"],"acf":[],"_links":{"self":[{"href":"https:\/\/www.tennisclubsaintpriest.fr\/tcsp\/wp-json\/wp\/v2\/pages\/2737","targetHints":{"allow":["GET"]}}],"collection":[{"href":"https:\/\/www.tennisclubsaintpriest.fr\/tcsp\/wp-json\/wp\/v2\/pages"}],"about":[{"href":"https:\/\/www.tennisclubsaintpriest.fr\/tcsp\/wp-json\/wp\/v2\/types\/page"}],"author":[{"embeddable":true,"href":"https:\/\/www.tennisclubsaintpriest.fr\/tcsp\/wp-json\/wp\/v2\/users\/8"}],"replies":[{"embeddable":true,"href":"https:\/\/www.tennisclubsaintpriest.fr\/tcsp\/wp-json\/wp\/v2\/comments?post=2737"}],"version-history":[{"count":36,"href":"https:\/\/www.tennisclubsaintpriest.fr\/tcsp\/wp-json\/wp\/v2\/pages\/2737\/revisions"}],"predecessor-version":[{"id":2918,"href":"https:\/\/www.tennisclubsaintpriest.fr\/tcsp\/wp-json\/wp\/v2\/pages\/2737\/revisions\/2918"}],"up":[{"embeddable":true,"href":"https:\/\/www.tennisclubsaintpriest.fr\/tcsp\/wp-json\/wp\/v2\/pages\/123"}],"wp:featuredmedia":[{"embeddable":true,"href":"https:\/\/www.tennisclubsaintpriest.fr\/tcsp\/wp-json\/wp\/v2\/media\/2829"}],"wp:attachment":[{"href":"https:\/\/www.tennisclubsaintpriest.fr\/tcsp\/wp-json\/wp\/v2\/media?parent=2737"}],"curies":[{"name":"wp","href":"https:\/\/api.w.org\/{rel}","templated":true}]}}