{"id":2917,"date":"2020-06-18T21:08:35","date_gmt":"2020-06-18T20:08:35","guid":{"rendered":"http:\/\/www.tennisclubsaintpriest.fr\/tcsp\/?page_id=2917"},"modified":"2020-09-05T21:45:20","modified_gmt":"2020-09-05T20:45:20","slug":"grand-prix-2021","status":"publish","type":"page","link":"https:\/\/www.tennisclubsaintpriest.fr\/tcsp\/grand-prix-2021\/","title":{"rendered":"Grand prix 2021"},"content":{"rendered":"\n<h4><a href=\"https:\/\/www.tennisclubsaintpriest.fr\/tcsp\/resultats-tournoi-cngt-2021\/\"><span style=\"color: #000080;\">Retrouvez tous les r\u00e9sultats<\/span><\/a><\/h4>\n\n\n\n<table style=\"border-collapse: collapse; width: 100%; height: 277px;\">\n<tbody>\n<tr style=\"height: 44px;\">\n<td style=\"width: 6.72414%; height: 277px;\" rowspan=\"3\">\u00a0<\/td>\n<td style=\"width: 93.2759%; height: 44px;\">Pour sa\u00a0 46\u00e8me \u00e9dition, le Grand Prix de Tennis de Saint-Priest (CNGT) revient du 03 septembre au 04 octobre<\/td>\n<\/tr>\n<tr style=\"height: 44px;\">\n<td style=\"width: 93.2759%; height: 44px;\">Il est ouvert \u00e0 toutes les joueuses et tous les joueurs du non class\u00e9 au N1 fran\u00e7ais.<\/td>\n<\/tr>\n<tr style=\"height: 189px;\">\n<td style=\"width: 93.2759%; height: 189px;\">\n<pre>Les cat\u00e9gories sont :<br \/>SENIOR DAMES, +35 ans DAMES<br \/>SENIOR MESSIEURS, +35 ans MESSIEURS, +45 ans MESSIEURS, +55 ans MESSIEURS, +65 ans MESSIEURS<br \/><a href=\"https:\/\/www.tennisclubsaintpriest.fr\/tcsp\/wp-content\/uploads\/2020\/07\/2020-Fiche-dinscription.pdf\">Fiche d'inscription<\/a><br \/><a href=\"https:\/\/2pep5.r.ag.d.sendibm3.com\/mk\/cl\/f\/siyhFyU-rZgnOL-8kEUjxScxdq8Kl1_EkmPgAUJME2GV7_Wa3yk33SEfWCKm32gEiH2TXOrhgvkAb5pD9ETGnJo9Zh0l6Ah0WTfBqfDbDK1ai7TxyP0vvXdPlr6Ql9MZw9ClJCtl3duBj04n1yn2Ys1jBCTLGIYvbrgG5pxAT1qFkTXYO_2lUfIG\">Inscription sur TenUp<\/a><br \/><a href=\"https:\/\/www.tennisclubsaintpriest.fr\/tcsp\/wp-content\/uploads\/2020\/07\/2020-Fiche-dinscription-Adh\u00e9rents.pdf\">Fiche d'inscription adh\u00e9rents<\/a><\/pre>\n<\/td>\n<\/tr>\n<\/tbody>\n<\/table>\n<h2>Le tournoi masculin est class\u00e9 une \u00e9toile.<\/h2>\n<h2><span style=\"color: #ff0000;\">Le tournoi f\u00e9minin est class\u00e9 3 \u00e9toiles.<\/span><\/h2>\n<h3 style=\"text-align: center;\">Dotations<\/h3>\n<table style=\"border-collapse: collapse; width: 100%;\">\n<tbody>\n<tr>\n<td style=\"width: 33.3333%;\">\u00a0<\/td>\n<td style=\"width: 33.3333%; text-align: center; border-style: solid;\">Montant tournoi f\u00e9minin<\/td>\n<td style=\"width: 33.3333%; border-style: solid; text-align: center;\">Montant tournoi masculin<\/td>\n<\/tr>\n<tr>\n<td style=\"width: 33.3333%; border-style: solid;\">1\/8 de finalistes<\/td>\n<td style=\"width: 33.3333%; text-align: center; border-style: solid;\">190<\/td>\n<td style=\"width: 33.3333%; text-align: center; border-style: solid;\">120<\/td>\n<\/tr>\n<tr>\n<td style=\"width: 33.3333%; border-style: solid;\">1\/4 de finalistes<\/td>\n<td style=\"width: 33.3333%; text-align: center; border-style: solid;\">320<\/td>\n<td style=\"width: 33.3333%; text-align: center; border-style: solid;\">200<\/td>\n<\/tr>\n<tr>\n<td style=\"width: 33.3333%; border-style: solid;\">Demi-finalistes<\/td>\n<td style=\"width: 33.3333%; text-align: center; border-style: solid;\">550<\/td>\n<td style=\"width: 33.3333%; text-align: center; border-style: solid;\">350<\/td>\n<\/tr>\n<tr>\n<td style=\"width: 33.3333%; border-style: solid;\">Finaliste<\/td>\n<td style=\"width: 33.3333%; text-align: center; border-style: solid;\">900<\/td>\n<td style=\"width: 33.3333%; text-align: center; border-style: solid;\">640<\/td>\n<\/tr>\n<tr>\n<td style=\"width: 33.3333%; border-style: solid;\">Vainqueur<\/td>\n<td style=\"width: 33.3333%; text-align: center; border-style: solid;\">1500<\/td>\n<td style=\"width: 33.3333%; text-align: center; border-style: solid;\">1000<\/td>\n<\/tr>\n<\/tbody>\n<\/table>\n","protected":false},"excerpt":{"rendered":"<p>Retrouvez tous les r\u00e9sultats \u00a0 Pour sa\u00a0 46\u00e8me \u00e9dition, le Grand Prix de Tennis de Saint-Priest (CNGT) revient du 03 septembre au 04 octobre Il est ouvert \u00e0 toutes les joueuses et tous les joueurs du non class\u00e9 au N1 fran\u00e7ais. Les cat\u00e9gories sont :SENIOR DAMES, +35 ans DAMESSENIOR MESSIEURS, +35 ans MESSIEURS, +45 ans [&hellip;]<\/p>\n","protected":false},"author":10,"featured_media":0,"parent":0,"menu_order":0,"comment_status":"closed","ping_status":"closed","template":"","meta":{"footnotes":""},"class_list":["post-2917","page","type-page","status-publish","hentry"],"acf":[],"_links":{"self":[{"href":"https:\/\/www.tennisclubsaintpriest.fr\/tcsp\/wp-json\/wp\/v2\/pages\/2917","targetHints":{"allow":["GET"]}}],"collection":[{"href":"https:\/\/www.tennisclubsaintpriest.fr\/tcsp\/wp-json\/wp\/v2\/pages"}],"about":[{"href":"https:\/\/www.tennisclubsaintpriest.fr\/tcsp\/wp-json\/wp\/v2\/types\/page"}],"author":[{"embeddable":true,"href":"https:\/\/www.tennisclubsaintpriest.fr\/tcsp\/wp-json\/wp\/v2\/users\/10"}],"replies":[{"embeddable":true,"href":"https:\/\/www.tennisclubsaintpriest.fr\/tcsp\/wp-json\/wp\/v2\/comments?post=2917"}],"version-history":[{"count":27,"href":"https:\/\/www.tennisclubsaintpriest.fr\/tcsp\/wp-json\/wp\/v2\/pages\/2917\/revisions"}],"predecessor-version":[{"id":3076,"href":"https:\/\/www.tennisclubsaintpriest.fr\/tcsp\/wp-json\/wp\/v2\/pages\/2917\/revisions\/3076"}],"wp:attachment":[{"href":"https:\/\/www.tennisclubsaintpriest.fr\/tcsp\/wp-json\/wp\/v2\/media?parent=2917"}],"curies":[{"name":"wp","href":"https:\/\/api.w.org\/{rel}","templated":true}]}}