{"id":2952,"date":"2020-07-02T20:59:41","date_gmt":"2020-07-02T19:59:41","guid":{"rendered":"http:\/\/www.tennisclubsaintpriest.fr\/tcsp\/?page_id=2952"},"modified":"2020-07-02T20:59:41","modified_gmt":"2020-07-02T19:59:41","slug":"reinscription","status":"publish","type":"page","link":"https:\/\/www.tennisclubsaintpriest.fr\/tcsp\/reinscription\/","title":{"rendered":"R\u00e9inscription"},"content":{"rendered":"\n<h2><span class=\"\">&#x1f3be;JOURN\u00c9E D\u2019ESSAI + R\u00c9INSCRIPTIONS &#x1f3be;<\/span><\/h2>\n<p><span class=\"\"> &#x2600;&#xfe0f; Les r\u00e9inscriptions pour l\u2019ann\u00e9e prochaine sont possibles d\u00e8s aujourd\u2019hui. Notre secr\u00e9tariat est ouvert de 9h \u00e0 22h tous les jours. N\u2019h\u00e9sitez pas \u00e0 nous contacter au 04 78 20 38 33<br \/>&#x2600;&#xfe0f; Pour une journ\u00e9e test pour vos enfants : <br \/>&#8211; Mercredi 9 Septembre : 14h\/15h pour les 10 ans et moins et 15\/16h pour les 10 ans et plus. <br \/>&#8211; Samedi 12 Septembre : 10h\/11h pour les 10 ans et moins et 11h\/12h pour les 10 ans et plus. <\/span><\/p>\n<p><span class=\"\">A tr\u00e8s vite &#x1f60e;&#x2600;&#xfe0f;<\/span><\/p>\n","protected":false},"excerpt":{"rendered":"<p>&#x1f3be;JOURN\u00c9E D\u2019ESSAI + R\u00c9INSCRIPTIONS &#x1f3be; &#x2600;&#xfe0f; Les r\u00e9inscriptions pour l\u2019ann\u00e9e prochaine sont possibles d\u00e8s aujourd\u2019hui. Notre secr\u00e9tariat est ouvert de 9h \u00e0 22h tous les jours. N\u2019h\u00e9sitez pas \u00e0 nous contacter au 04 78 20 38 33&#x2600;&#xfe0f; Pour une journ\u00e9e test pour vos enfants : &#8211; Mercredi 9 Septembre : 14h\/15h pour les 10 ans [&hellip;]<\/p>\n","protected":false},"author":10,"featured_media":0,"parent":0,"menu_order":0,"comment_status":"closed","ping_status":"closed","template":"","meta":{"footnotes":""},"class_list":["post-2952","page","type-page","status-publish","hentry"],"acf":[],"_links":{"self":[{"href":"https:\/\/www.tennisclubsaintpriest.fr\/tcsp\/wp-json\/wp\/v2\/pages\/2952","targetHints":{"allow":["GET"]}}],"collection":[{"href":"https:\/\/www.tennisclubsaintpriest.fr\/tcsp\/wp-json\/wp\/v2\/pages"}],"about":[{"href":"https:\/\/www.tennisclubsaintpriest.fr\/tcsp\/wp-json\/wp\/v2\/types\/page"}],"author":[{"embeddable":true,"href":"https:\/\/www.tennisclubsaintpriest.fr\/tcsp\/wp-json\/wp\/v2\/users\/10"}],"replies":[{"embeddable":true,"href":"https:\/\/www.tennisclubsaintpriest.fr\/tcsp\/wp-json\/wp\/v2\/comments?post=2952"}],"version-history":[{"count":5,"href":"https:\/\/www.tennisclubsaintpriest.fr\/tcsp\/wp-json\/wp\/v2\/pages\/2952\/revisions"}],"predecessor-version":[{"id":2970,"href":"https:\/\/www.tennisclubsaintpriest.fr\/tcsp\/wp-json\/wp\/v2\/pages\/2952\/revisions\/2970"}],"wp:attachment":[{"href":"https:\/\/www.tennisclubsaintpriest.fr\/tcsp\/wp-json\/wp\/v2\/media?parent=2952"}],"curies":[{"name":"wp","href":"https:\/\/api.w.org\/{rel}","templated":true}]}}