{"id":3047,"date":"2020-09-04T21:22:08","date_gmt":"2020-09-04T20:22:08","guid":{"rendered":"http:\/\/www.tennisclubsaintpriest.fr\/tcsp\/?page_id=3047"},"modified":"2022-09-22T19:06:37","modified_gmt":"2022-09-22T18:06:37","slug":"resultats-tournoi-cngt-2021","status":"publish","type":"page","link":"https:\/\/www.tennisclubsaintpriest.fr\/tcsp\/resultats-tournoi-cngt-2021\/","title":{"rendered":"\u00ab\u00a0R\u00e9sultats tournoi CNGT 2021"},"content":{"rendered":"\n<h2 style=\"text-align: center;\"><span style=\"color: #ff0000;\">Pour cause de confinement li\u00e9 \u00e0 la COVID 19, le tournoi 2021 a d\u00fb \u00eatre arr\u00eat\u00e9 une semaine avant la fin.<\/span><\/h2>\n\n\n\n<ul>\n<li>Simple Dames seniors tableau \u00ab\u00a0consolante\u00a0\u00bb<br \/>\n<ul>\n<li><a href=\"https:\/\/www.tennisclubsaintpriest.fr\/tcsp\/wp-content\/uploads\/2020\/09\/sdse_tc.pdf\" target=\"_blank\" rel=\"noopener noreferrer\">Tableau final<\/a><\/li>\n<\/ul>\n<\/li>\n<li>Simple Dames seniors\n<ul>\n<li><a href=\"https:\/\/www.tennisclubsaintpriest.fr\/tcsp\/wp-content\/uploads\/2020\/09\/sdse_nc_30.pdf\" target=\"_blank\" rel=\"noopener noreferrer\">Non class\u00e9e \u00e0 30<\/a> (tableau complet)<\/li>\n<li><a href=\"https:\/\/www.tennisclubsaintpriest.fr\/tcsp\/wp-content\/uploads\/2020\/09\/sdse_15-5_15-3.pdf\" target=\"_blank\" rel=\"noopener noreferrer\">15\/5 \u00e0 15\/3<\/a> (tableau complet)<\/li>\n<li><a href=\"https:\/\/www.tennisclubsaintpriest.fr\/tcsp\/wp-content\/uploads\/2020\/09\/sdse_15-2_15-1.pdf\" target=\"_blank\" rel=\"noopener noreferrer\">15\/2 \u00e0 15\/1 <\/a>(tableau complet)<\/li>\n<li><a href=\"https:\/\/www.tennisclubsaintpriest.fr\/tcsp\/wp-content\/uploads\/2020\/09\/sdse_15_4-6.pdf\" target=\"_blank\" rel=\"noopener noreferrer\">15 \u00e0 4\/6<\/a> (tableau complet)<\/li>\n<li><a href=\"https:\/\/www.tennisclubsaintpriest.fr\/tcsp\/wp-content\/uploads\/2020\/09\/sdse_3-6_1-6.pdf\" target=\"_blank\" rel=\"noopener noreferrer\">3\/6 \u00e0 1\/6<\/a><\/li>\n<\/ul>\n<\/li>\n<li>Simple messieurs seniors tableau \u00ab\u00a0consolante\u00a0\u00bb<br \/>\n<ul>\n<li><a href=\"https:\/\/www.tennisclubsaintpriest.fr\/tcsp\/wp-content\/uploads\/2020\/09\/sm_tc.pdf\" target=\"_blank\" rel=\"noopener noreferrer\">Tableau qualif<\/a><\/li>\n<\/ul>\n<\/li>\n<li>Simple messieurs seniors\n<ul>\n<li><a href=\"https:\/\/www.tennisclubsaintpriest.fr\/tcsp\/wp-content\/uploads\/2020\/09\/sm_nc_30-4.pdf\" target=\"_blank\" rel=\"noopener noreferrer\">Non class\u00e9 \u00e0 30\/4\u00a0<\/a> \u00a0 (tableau complet)\u00a0<\/li>\n<li><a href=\"https:\/\/www.tennisclubsaintpriest.fr\/tcsp\/wp-content\/uploads\/2020\/09\/sm_30-3_30-1.pdf\" target=\"_blank\" rel=\"noopener noreferrer\">30\/3 \u00e0 30\/1<\/a> (tableau complet)<\/li>\n<li><a href=\"https:\/\/www.tennisclubsaintpriest.fr\/tcsp\/wp-content\/uploads\/2020\/09\/sm_30_15-5.pdf\" target=\"_blank\" rel=\"noopener noreferrer\">30 \u00e0 15\/5<\/a> (tableau complet)<\/li>\n<li><a href=\"https:\/\/www.tennisclubsaintpriest.fr\/tcsp\/wp-content\/uploads\/2020\/09\/sm_15-4_15-3.pdf\" target=\"_blank\" rel=\"noopener noreferrer\">15\/4 \u00e0 15\/3<\/a> (tableau complet)<\/li>\n<li><a href=\"https:\/\/www.tennisclubsaintpriest.fr\/tcsp\/wp-content\/uploads\/2020\/09\/sm_15-2_15-1.pdf\" target=\"_blank\" rel=\"noopener noreferrer\">15\/2 \u00e0 15\/1<\/a> (tableau complet)<\/li>\n<li><a href=\"https:\/\/www.tennisclubsaintpriest.fr\/tcsp\/wp-content\/uploads\/2020\/09\/sm_15_4-6.pdf\" target=\"_blank\" rel=\"noopener noreferrer\">15 \u00e0 4\/6<\/a> (tableau complet)<\/li>\n<li><a href=\"https:\/\/www.tennisclubsaintpriest.fr\/tcsp\/wp-content\/uploads\/2020\/09\/sm_3-6_1-6.pdf\" target=\"_blank\" rel=\"noopener noreferrer\">3\/6 \u00e0 1\/6<\/a><\/li>\n<\/ul>\n<\/li>\n<li>Simple Dame plus de 35 ans<br \/>\n<ul>\n<li><a href=\"https:\/\/www.tennisclubsaintpriest.fr\/tcsp\/wp-content\/uploads\/2020\/09\/sd35_nc_30-1.pdf\" target=\"_blank\" rel=\"noopener noreferrer\">Non class\u00e9e \u00e0 30-1<\/a> (tableau complet)<\/li>\n<li><a href=\"https:\/\/www.tennisclubsaintpriest.fr\/tcsp\/wp-content\/uploads\/2020\/09\/sd35_30_15-5.pdf\" target=\"_blank\" rel=\"noopener noreferrer\">30 \u00e0 15\/5<\/a>\u00a0 (tableau complet)<\/li>\n<\/ul>\n<\/li>\n<li>Simple messieurs plus de 35 ans\n<ul>\n<li><a href=\"https:\/\/www.tennisclubsaintpriest.fr\/tcsp\/wp-content\/uploads\/2020\/09\/sm35_nc_30-2.pdf\" target=\"_blank\" rel=\"noopener noreferrer\">Non class\u00e9 \u00e0 30\/2<\/a>\u00a0 (tableau complet)\u00a0<\/li>\n<li><a href=\"https:\/\/www.tennisclubsaintpriest.fr\/tcsp\/wp-content\/uploads\/2020\/09\/sm35_30-1_15-5.pdf\" target=\"_blank\" rel=\"noopener noreferrer\">30\/1 \u00e0 15\/5<\/a> (tableau complet)\u00a0<\/li>\n<li><a href=\"https:\/\/www.tennisclubsaintpriest.fr\/tcsp\/wp-content\/uploads\/2020\/09\/sm35_15-4_15-3.pdf\" target=\"_blank\" rel=\"noopener noreferrer\">15\/4 \u00e0 15\/3<\/a> (tableau complet)<\/li>\n<li><a href=\"https:\/\/www.tennisclubsaintpriest.fr\/tcsp\/wp-content\/uploads\/2020\/09\/sm35_tf.pdf\" target=\"_blank\" rel=\"noopener noreferrer\">Tableau final<\/a><\/li>\n<\/ul>\n<\/li>\n<li>Simple messieurs plus de 45 ans\n<ul>\n<li><a href=\"https:\/\/www.tennisclubsaintpriest.fr\/tcsp\/wp-content\/uploads\/2020\/09\/sm45_nc_30-2.pdf\" target=\"_blank\" rel=\"noopener noreferrer\">Non class\u00e9 \u00e0 30\/2<\/a> \u00a0 (tableau complet)<\/li>\n<li><a href=\"https:\/\/www.tennisclubsaintpriest.fr\/tcsp\/wp-content\/uploads\/2020\/09\/sm45_30-1_15-5.pdf\" target=\"_blank\" rel=\"noopener noreferrer\">30\/1 \u00e0 15\/5<\/a> (tableau complet)<\/li>\n<li><a href=\"https:\/\/www.tennisclubsaintpriest.fr\/tcsp\/wp-content\/uploads\/2020\/09\/sm45_15-4_15-3.pdf\" target=\"_blank\" rel=\"noopener noreferrer\">15\/4 \u00e0 15\/3<\/a> (tableau complet)<\/li>\n<li><a href=\"https:\/\/www.tennisclubsaintpriest.fr\/tcsp\/wp-content\/uploads\/2020\/09\/sm45_tf.pdf\" target=\"_blank\" rel=\"noopener noreferrer\">Tableau final<\/a><\/li>\n<\/ul>\n<\/li>\n<li>Simple messieurs plus de 55 ans\n<ul>\n<li><a href=\"https:\/\/www.tennisclubsaintpriest.fr\/tcsp\/wp-content\/uploads\/2020\/09\/sm55_nc_30-1.pdf\" target=\"_blank\" rel=\"noopener noreferrer\">Non class\u00e9 \u00e0 30\/1<\/a> (tableau complet)<\/li>\n<li><a href=\"https:\/\/www.tennisclubsaintpriest.fr\/tcsp\/wp-content\/uploads\/2020\/09\/sm55_tf.pdf\" target=\"_blank\" rel=\"noopener noreferrer\">Tableau final<\/a><\/li>\n<\/ul>\n<\/li>\n<li>Simple messieurs plus de 65 ans\n<ul>\n<li><a href=\"https:\/\/www.tennisclubsaintpriest.fr\/tcsp\/wp-content\/uploads\/2020\/09\/sm65_nc_30-1.pdf\" target=\"_blank\" rel=\"noopener noreferrer\">Non class\u00e9 \u00e0 30\/1<\/a> (tableau complet)<\/li>\n<li><a href=\"https:\/\/www.tennisclubsaintpriest.fr\/tcsp\/wp-content\/uploads\/2020\/09\/sm65_tf.pdf\" target=\"_blank\" rel=\"noopener noreferrer\">Tableau final<\/a><\/li>\n<\/ul>\n<\/li>\n<\/ul>\n","protected":false},"excerpt":{"rendered":"<p>Pour cause de confinement li\u00e9 \u00e0 la COVID 19, le tournoi 2021 a d\u00fb \u00eatre arr\u00eat\u00e9 une semaine avant la fin. Simple Dames seniors tableau \u00ab\u00a0consolante\u00a0\u00bb Tableau final Simple Dames seniors Non class\u00e9e \u00e0 30 (tableau complet) 15\/5 \u00e0 15\/3 (tableau complet) 15\/2 \u00e0 15\/1 (tableau complet) 15 \u00e0 4\/6 (tableau complet) 3\/6 \u00e0 1\/6 [&hellip;]<\/p>\n","protected":false},"author":10,"featured_media":0,"parent":0,"menu_order":0,"comment_status":"closed","ping_status":"closed","template":"","meta":{"footnotes":""},"class_list":["post-3047","page","type-page","status-publish","hentry"],"acf":[],"_links":{"self":[{"href":"https:\/\/www.tennisclubsaintpriest.fr\/tcsp\/wp-json\/wp\/v2\/pages\/3047","targetHints":{"allow":["GET"]}}],"collection":[{"href":"https:\/\/www.tennisclubsaintpriest.fr\/tcsp\/wp-json\/wp\/v2\/pages"}],"about":[{"href":"https:\/\/www.tennisclubsaintpriest.fr\/tcsp\/wp-json\/wp\/v2\/types\/page"}],"author":[{"embeddable":true,"href":"https:\/\/www.tennisclubsaintpriest.fr\/tcsp\/wp-json\/wp\/v2\/users\/10"}],"replies":[{"embeddable":true,"href":"https:\/\/www.tennisclubsaintpriest.fr\/tcsp\/wp-json\/wp\/v2\/comments?post=3047"}],"version-history":[{"count":84,"href":"https:\/\/www.tennisclubsaintpriest.fr\/tcsp\/wp-json\/wp\/v2\/pages\/3047\/revisions"}],"predecessor-version":[{"id":4120,"href":"https:\/\/www.tennisclubsaintpriest.fr\/tcsp\/wp-json\/wp\/v2\/pages\/3047\/revisions\/4120"}],"wp:attachment":[{"href":"https:\/\/www.tennisclubsaintpriest.fr\/tcsp\/wp-json\/wp\/v2\/media?parent=3047"}],"curies":[{"name":"wp","href":"https:\/\/api.w.org\/{rel}","templated":true}]}}