{"id":3528,"date":"2021-07-19T20:25:11","date_gmt":"2021-07-19T19:25:11","guid":{"rendered":"http:\/\/www.tennisclubsaintpriest.fr\/tcsp\/?page_id=3528"},"modified":"2021-09-03T18:00:59","modified_gmt":"2021-09-03T17:00:59","slug":"tournoi-2022","status":"publish","type":"page","link":"https:\/\/www.tennisclubsaintpriest.fr\/tcsp\/tournoi-2022\/","title":{"rendered":"Grand Prix de Tennis 2022"},"content":{"rendered":"\n<h2>Premier tournoi de la saison 2022, le Grand Prix CNGT de Saint-Priest se d\u00e9roulera du 30 ao\u00fbt au 03 octobre 2021<\/h2>\n<h3 style=\"text-align: center;\">Ouvert \u00e0 tout classement<\/h3>\n<h3 style=\"text-align: center;\"><span style=\"color: #ff0000;\"><a style=\"color: #ff0000;\" href=\"https:\/\/tenup.fft.fr\/tournoi\/82283894\" target=\"_blank\" rel=\"noopener\">Inscription sur TenUp<\/a><\/span><\/h3>\n<h2 style=\"text-align: center;\"><a href=\"https:\/\/www.tennisclubsaintpriest.fr\/tcsp\/resultats-tournoi-cngt-2022\/\" target=\"_blank\" rel=\"noopener\">Tous les r\u00e9sultats<\/a><\/h2>\n<table style=\"width: 100%; border-collapse: collapse; background-color: #000000;\">\n<tbody>\n<tr>\n<td style=\"width: 50%;\"><a href=\"https:\/\/www.tennisclubsaintpriest.fr\/tcsp\/wp-content\/uploads\/2021\/07\/affiche_2022.jpg\"><img loading=\"lazy\" decoding=\"async\" class=\"alignnone  wp-image-3529\" src=\"https:\/\/www.tennisclubsaintpriest.fr\/tcsp\/wp-content\/uploads\/2021\/07\/affiche_2022-212x300.jpg\" alt=\"\" width=\"407\" height=\"576\" srcset=\"https:\/\/www.tennisclubsaintpriest.fr\/tcsp\/wp-content\/uploads\/2021\/07\/affiche_2022-212x300.jpg 212w, https:\/\/www.tennisclubsaintpriest.fr\/tcsp\/wp-content\/uploads\/2021\/07\/affiche_2022.jpg 725w\" sizes=\"auto, (max-width: 407px) 100vw, 407px\" \/><\/a><\/td>\n<td style=\"width: 50%;\">\n<div>\u00a0<\/div>\n<div><span style=\"color: #ffff00;\"><strong>Apr\u00e8s une \u00e9dition 2020 tronqu\u00e9e, nous sommes impatients de vous accueillir \u00e0 nouveau sur nos terrains, et pour le coup \u00e0 boire d&rsquo;apr\u00e8s match !<\/strong><strong>\u00a0<\/strong><\/span><\/div>\n<div>\u00a0<\/div>\n<div><span style=\"color: #ffff00;\"><strong>Comme toujours, de multiples \u00e9preuves vous attendent !<\/strong><\/span><\/div>\n<div>\u00a0<\/div>\n<div><span style=\"color: #ffff00;\"><strong>Simples \u00ab\u00a0toutes cat\u00e9gories\u00a0\u00bb :\u00a0<\/strong><\/span><\/div>\n<ul>\n<li><span style=\"color: #ffff00;\"><strong>Dames<\/strong><\/span><\/li>\n<li><span style=\"color: #ffff00;\"><strong>Messieurs<\/strong><\/span><\/li>\n<\/ul>\n<div>\u00a0<\/div>\n<div><span style=\"color: #ffff00;\"><strong>Simples \u00ab\u00a0V\u00e9t\u00e9rans\u00a0\u00bb :<\/strong><\/span><\/div>\n<ul>\n<li><span style=\"color: #ffff00;\"><strong>Dames +35 ans<\/strong><\/span><\/li>\n<li><span style=\"color: #ffff00;\"><strong>Messieurs +35 ans<\/strong><\/span><\/li>\n<li><span style=\"color: #ffff00;\"><strong>Messieurs +45 ans<\/strong><\/span><\/li>\n<li><span style=\"color: #ffff00;\"><strong>Messieurs +55 ans<\/strong><\/span><\/li>\n<li><span style=\"color: #ffff00;\"><strong>Messieurs +65 ans<\/strong><\/span><\/li>\n<\/ul>\n<\/td>\n<\/tr>\n<\/tbody>\n<\/table>\n<h2><a href=\"https:\/\/2pep5.r.ag.d.sendibm3.com\/mk\/mr\/BZRemIXBwgS10dOheaX5wg592f0LOwllXX5q0lGZ65C2yJooPwEc0-I234-w5ierrB-4ZVPubiOPjU0P0w-k5K_1xoN5yOaQy7BYqI2iktCcJUDj\">Passe sanitaire<\/a><\/h2>\n<h2>Le tournoi masculin est class\u00e9 une \u00e9toile.<\/h2>\n<h2><span style=\"color: #ff0000;\">Le tournoi f\u00e9minin est class\u00e9 3 \u00e9toiles.<\/span><\/h2>\n<h3 style=\"text-align: center;\">Dotations (en \u20ac)<\/h3>\n<table style=\"width: 100.592%;\" border=\"1\">\n<tbody>\n<tr>\n<td style=\"width: 24.1667%;\">\u00a0<\/td>\n<td style=\"width: 36.0714%;\">Montant tournoi f\u00e9minin<\/td>\n<td style=\"width: 39.7169%;\">Montant tournoi masculin<\/td>\n<\/tr>\n<tr>\n<td style=\"width: 24.1667%;\">1\/8 de finalistes<\/td>\n<td style=\"text-align: center; width: 36.0714%;\">190<\/td>\n<td style=\"text-align: center; width: 39.7169%;\">120<\/td>\n<\/tr>\n<tr>\n<td style=\"width: 24.1667%;\">1\/4 de finalistes<\/td>\n<td style=\"text-align: center; width: 36.0714%;\">320<\/td>\n<td style=\"text-align: center; width: 39.7169%;\">200<\/td>\n<\/tr>\n<tr>\n<td style=\"width: 24.1667%;\">Demi-finalistes<\/td>\n<td style=\"text-align: center; width: 36.0714%;\">550<\/td>\n<td style=\"text-align: center; width: 39.7169%;\">350<\/td>\n<\/tr>\n<tr>\n<td style=\"width: 24.1667%;\">Finaliste<\/td>\n<td style=\"text-align: center; width: 36.0714%;\">900<\/td>\n<td style=\"text-align: center; width: 39.7169%;\">640<\/td>\n<\/tr>\n<tr>\n<td style=\"width: 24.1667%;\">Vainqueur<\/td>\n<td style=\"text-align: center; width: 36.0714%;\">1500<\/td>\n<td style=\"text-align: center; width: 39.7169%;\">1000<\/td>\n<\/tr>\n<\/tbody>\n<\/table>\n<p>Planning pr\u00e9visionnel par classement<\/p>\n<p><a href=\"https:\/\/www.tennisclubsaintpriest.fr\/tcsp\/wp-content\/uploads\/2021\/07\/prevision_2022.png\"><img loading=\"lazy\" decoding=\"async\" class=\"alignnone  wp-image-3532\" src=\"https:\/\/www.tennisclubsaintpriest.fr\/tcsp\/wp-content\/uploads\/2021\/07\/prevision_2022-300x68.png\" alt=\"\" width=\"640\" height=\"145\" srcset=\"https:\/\/www.tennisclubsaintpriest.fr\/tcsp\/wp-content\/uploads\/2021\/07\/prevision_2022-300x68.png 300w, https:\/\/www.tennisclubsaintpriest.fr\/tcsp\/wp-content\/uploads\/2021\/07\/prevision_2022-1024x231.png 1024w, https:\/\/www.tennisclubsaintpriest.fr\/tcsp\/wp-content\/uploads\/2021\/07\/prevision_2022-768x173.png 768w, https:\/\/www.tennisclubsaintpriest.fr\/tcsp\/wp-content\/uploads\/2021\/07\/prevision_2022.png 1261w\" sizes=\"auto, (max-width: 640px) 100vw, 640px\" \/><\/a><\/p>\n<h4 style=\"text-align: center;\">Gestion de vos (in)disponibilit\u00e9s<\/h4>\n<pre>Pour peu que vous les ayez signal\u00e9es (<em>notre Juge-Arbitre n'ayant pas de boule de cristal !<\/em>) nous vous garantissons de respecter vos disponibilit\u00e9s au minimum sur vos deux premiers tours.<br \/><br \/>Sur <strong>Ten'Up<\/strong>, lors de votre inscription, <strong>notez donc scrupuleusement vos (in)disponibilit\u00e9s<\/strong>.<br \/><br \/><\/pre>\n<h3 style=\"text-align: center;\"><span style=\"color: #ff0000;\"><a style=\"color: #ff0000;\" href=\"https:\/\/tenup.fft.fr\/tournoi\/82283894\" target=\"_blank\" rel=\"noopener\">Inscription sur TenUp<\/a><\/span><\/h3>\n","protected":false},"excerpt":{"rendered":"<p>Premier tournoi de la saison 2022, le Grand Prix CNGT de Saint-Priest se d\u00e9roulera du 30 ao\u00fbt au 03 octobre 2021 Ouvert \u00e0 tout classement Inscription sur TenUp Tous les r\u00e9sultats \u00a0 Apr\u00e8s une \u00e9dition 2020 tronqu\u00e9e, nous sommes impatients de vous accueillir \u00e0 nouveau sur nos terrains, et pour le coup \u00e0 boire d&rsquo;apr\u00e8s [&hellip;]<\/p>\n","protected":false},"author":10,"featured_media":0,"parent":0,"menu_order":0,"comment_status":"closed","ping_status":"closed","template":"","meta":{"footnotes":""},"class_list":["post-3528","page","type-page","status-publish","hentry"],"acf":[],"_links":{"self":[{"href":"https:\/\/www.tennisclubsaintpriest.fr\/tcsp\/wp-json\/wp\/v2\/pages\/3528","targetHints":{"allow":["GET"]}}],"collection":[{"href":"https:\/\/www.tennisclubsaintpriest.fr\/tcsp\/wp-json\/wp\/v2\/pages"}],"about":[{"href":"https:\/\/www.tennisclubsaintpriest.fr\/tcsp\/wp-json\/wp\/v2\/types\/page"}],"author":[{"embeddable":true,"href":"https:\/\/www.tennisclubsaintpriest.fr\/tcsp\/wp-json\/wp\/v2\/users\/10"}],"replies":[{"embeddable":true,"href":"https:\/\/www.tennisclubsaintpriest.fr\/tcsp\/wp-json\/wp\/v2\/comments?post=3528"}],"version-history":[{"count":17,"href":"https:\/\/www.tennisclubsaintpriest.fr\/tcsp\/wp-json\/wp\/v2\/pages\/3528\/revisions"}],"predecessor-version":[{"id":3571,"href":"https:\/\/www.tennisclubsaintpriest.fr\/tcsp\/wp-json\/wp\/v2\/pages\/3528\/revisions\/3571"}],"wp:attachment":[{"href":"https:\/\/www.tennisclubsaintpriest.fr\/tcsp\/wp-json\/wp\/v2\/media?parent=3528"}],"curies":[{"name":"wp","href":"https:\/\/api.w.org\/{rel}","templated":true}]}}