{"id":4033,"date":"2022-08-04T11:38:50","date_gmt":"2022-08-04T10:38:50","guid":{"rendered":"http:\/\/www.tennisclubsaintpriest.fr\/tcsp\/?page_id=4033"},"modified":"2022-10-02T07:19:07","modified_gmt":"2022-10-02T06:19:07","slug":"resultats-tournoi-cngt-2023","status":"publish","type":"page","link":"https:\/\/www.tennisclubsaintpriest.fr\/tcsp\/resultats-tournoi-cngt-2023\/","title":{"rendered":"R\u00e9sultats tournoi CNGT 2023"},"content":{"rendered":"\n<ul>\n<li>Simple Dames seniors\n<ul>\n<li><a href=\"https:\/\/www.tennisclubsaintpriest.fr\/tcsp\/wp-content\/uploads\/2022\/09\/sdse_nc-30_1.pdf\" target=\"_blank\" rel=\"noopener\"><span style=\"color: #ff0000;\">Non class\u00e9e \u00e0 30\/1<\/span><\/a><span style=\"color: #ff0000;\"> (tableau complet)<\/span><\/li>\n<li><a href=\"https:\/\/www.tennisclubsaintpriest.fr\/tcsp\/wp-content\/uploads\/2022\/09\/sdse_30-15_3.pdf\" target=\"_blank\" rel=\"noopener\"><span style=\"color: #ff0000;\">30 \u00e0 15\/3<\/span><\/a> <span style=\"color: #ff0000;\">(tableau complet)<\/span><\/li>\n<li><a href=\"https:\/\/www.tennisclubsaintpriest.fr\/tcsp\/wp-content\/uploads\/2022\/09\/sdse_15_2-15_1.pdf\" target=\"_blank\" rel=\"noopener\"><span style=\"color: #ff0000;\">15\/2 \u00e0 15\/1<\/span><\/a> <span style=\"color: #ff0000;\">(tableau complet)<\/span><\/li>\n<li><span style=\"color: #ff0000;\"><a style=\"color: #ff0000;\" href=\"https:\/\/www.tennisclubsaintpriest.fr\/tcsp\/wp-content\/uploads\/2022\/09\/sdse_15-4_6.pdf\" target=\"_blank\" rel=\"noopener\">15 \u00e0 4\/6<\/a> (tableau complet)<\/span><\/li>\n<li><span style=\"color: #ff0000;\"><a style=\"color: #ff0000;\" href=\"https:\/\/www.tennisclubsaintpriest.fr\/tcsp\/wp-content\/uploads\/2022\/09\/sdse_3_6-1_6.pdf\" target=\"_blank\" rel=\"noopener\">3\/6 \u00e0 1\/6<\/a> (tableau complet)<\/span><\/li>\n<li><span style=\"color: #ff0000;\"><a style=\"color: #ff0000;\" href=\"https:\/\/www.tennisclubsaintpriest.fr\/tcsp\/wp-content\/uploads\/2022\/09\/sdse_tpf.pdf\" target=\"_blank\" rel=\"noopener\">Tableau pr\u00e9-final<\/a> (tableau complet)<\/span><\/li>\n<li><span style=\"color: #ff0000;\"><a style=\"color: #ff0000;\" href=\"https:\/\/www.tennisclubsaintpriest.fr\/tcsp\/wp-content\/uploads\/2022\/09\/sdse_tf.pdf\" target=\"_blank\" rel=\"noopener\">Tableau final<\/a><\/span><\/li>\n<\/ul>\n<\/li>\n<li>Simple messieurs seniors\n<ul>\n<li><a href=\"https:\/\/www.tennisclubsaintpriest.fr\/tcsp\/wp-content\/uploads\/2022\/09\/smse_nc-30_3.pdf\" target=\"_blank\" rel=\"noopener\"><span style=\"color: #ff0000;\">Non class\u00e9 \u00e0 30\/3<\/span><\/a><span style=\"color: #ff0000;\"> (tableau complet)<\/span><\/li>\n<li><a href=\"https:\/\/www.tennisclubsaintpriest.fr\/tcsp\/wp-content\/uploads\/2022\/09\/smse_30_2-30.pdf\" target=\"_blank\" rel=\"noopener\"><span style=\"color: #ff0000;\">30\/2 \u00e0 30<\/span><\/a><span style=\"color: #ff0000;\"> (tableau complet)<\/span><\/li>\n<li><span style=\"color: #ff0000;\"><a style=\"color: #ff0000;\" href=\"https:\/\/www.tennisclubsaintpriest.fr\/tcsp\/wp-content\/uploads\/2022\/09\/smse_15_5-15_3.pdf\" target=\"_blank\" rel=\"noopener\"><span style=\"color: #ff0000;\">15\/5 \u00e0 15\/3<\/span><\/a> (tableau complet)<\/span><\/li>\n<li><span style=\"color: #ff0000;\"><a style=\"color: #ff0000;\" href=\"https:\/\/www.tennisclubsaintpriest.fr\/tcsp\/wp-content\/uploads\/2022\/09\/smse_15_2-15_1.pdf\" target=\"_blank\" rel=\"noopener\">15\/2 \u00e0 15\/1<\/a> (tableau complet)<\/span><\/li>\n<li><span style=\"color: #ff0000;\"><a style=\"color: #ff0000;\" href=\"https:\/\/www.tennisclubsaintpriest.fr\/tcsp\/wp-content\/uploads\/2022\/09\/smse_15-4_6.pdf\" target=\"_blank\" rel=\"noopener\">15 \u00e0 4\/6<\/a> (tableau complet)<\/span><\/li>\n<li><span style=\"color: #ff0000;\"><a style=\"color: #ff0000;\" href=\"https:\/\/www.tennisclubsaintpriest.fr\/tcsp\/wp-content\/uploads\/2022\/09\/smse_3_6-2_6.pdf\" target=\"_blank\" rel=\"noopener\">3\/6 \u00e0 2\/6<\/a> (tableau complet)<\/span><\/li>\n<li><span style=\"color: #ff0000;\"><a style=\"color: #ff0000;\" href=\"https:\/\/www.tennisclubsaintpriest.fr\/tcsp\/wp-content\/uploads\/2022\/09\/smse_1_6-0.pdf\" target=\"_blank\" rel=\"noopener\">1\/6 \u00e0 0<\/a> (tableau complet)<\/span><\/li>\n<li><a href=\"https:\/\/www.tennisclubsaintpriest.fr\/tcsp\/wp-content\/uploads\/2022\/09\/smse_tpf.pdf\" target=\"_blank\" rel=\"noopener\"><span style=\"background-color: #ff0000;\"><span style=\"background-color: #ffffff;\"><span style=\"color: #ff0000;\">Tableau pr\u00e9-final<\/span><\/span><\/span><\/a><span style=\"background-color: #ff0000;\"><span style=\"background-color: #ffffff;\"><span style=\"color: #ff0000;\"> (tableau complet)<\/span><\/span><\/span><\/li>\n<li><a href=\"https:\/\/www.tennisclubsaintpriest.fr\/tcsp\/wp-content\/uploads\/2022\/09\/smse_tf.pdf\" target=\"_blank\" rel=\"noopener\"><span style=\"color: #ff0000;\">Tableau final<\/span><\/a><\/li>\n<\/ul>\n<\/li>\n<li>Simple Dames plus de 35 ans<br \/>\n<ul>\n<li><a href=\"https:\/\/www.tennisclubsaintpriest.fr\/tcsp\/wp-content\/uploads\/2022\/09\/sd35_nc-15_5.pdf\" target=\"_blank\" rel=\"noopener\"><span style=\"color: #ff0000;\">Non class\u00e9e \u00e0 15\/3<\/span><\/a> <span style=\"color: #ff0000;\">(tableau complet)<\/span><\/li>\n<li><span style=\"color: #ff0000;\"><a style=\"color: #ff0000;\" href=\"https:\/\/www.tennisclubsaintpriest.fr\/tcsp\/wp-content\/uploads\/2022\/09\/sd35_tf.pdf\" target=\"_blank\" rel=\"noopener\">Tableau final<\/a><\/span><\/li>\n<\/ul>\n<\/li>\n<li>Simple messieurs plus de 35 ans\n<ul>\n<li><a href=\"https:\/\/www.tennisclubsaintpriest.fr\/tcsp\/wp-content\/uploads\/2022\/09\/sm35_nc-30_1.pdf\" target=\"_blank\" rel=\"noopener\"><span style=\"color: #ff0000;\">Non class\u00e9 \u00e0 30\/1<\/span><\/a><span style=\"color: #ff0000;\"> (tableau complet)<\/span><\/li>\n<li><a href=\"https:\/\/www.tennisclubsaintpriest.fr\/tcsp\/wp-content\/uploads\/2022\/09\/sm35_30-15_4.pdf\" target=\"_blank\" rel=\"noopener\"><span style=\"color: #ff0000;\">30 \u00e0 15\/4<\/span><\/a><span style=\"color: #ff0000;\">\u00a0 (tableau complet)<\/span><\/li>\n<li><span style=\"color: #ff0000;\"><a style=\"color: #ff0000;\" href=\"https:\/\/www.tennisclubsaintpriest.fr\/tcsp\/wp-content\/uploads\/2022\/09\/sm35_15_3-15_1.pdf\" target=\"_blank\" rel=\"noopener\">15\/3 \u00e0 15\/1 (tableau complet)<\/a><\/span><\/li>\n<li><span style=\"color: #ff0000;\"><a style=\"color: #ff0000;\" href=\"https:\/\/www.tennisclubsaintpriest.fr\/tcsp\/wp-content\/uploads\/2022\/09\/sm35_tf.pdf\" target=\"_blank\" rel=\"noopener\">Tableau final<\/a><\/span><\/li>\n<\/ul>\n<\/li>\n<li>Simple messieurs plus de 45 ans\n<ul>\n<li><a href=\"https:\/\/www.tennisclubsaintpriest.fr\/tcsp\/wp-content\/uploads\/2022\/09\/sm45_nc-30_2.pdf\" target=\"_blank\" rel=\"noopener\"><span style=\"color: #ff0000;\">Non class\u00e9 \u00e0 30\/2<\/span><\/a><span style=\"color: #ff0000;\"> (tableau complet)<\/span><\/li>\n<li><span style=\"color: #ff0000;\"><a style=\"color: #ff0000;\" href=\"https:\/\/www.tennisclubsaintpriest.fr\/tcsp\/wp-content\/uploads\/2022\/09\/sm45_30_1-15_4.pdf\" target=\"_blank\" rel=\"noopener\">30\/1 \u00e0 15\/4<\/a> (tableau complet)<\/span><\/li>\n<li><span style=\"color: #ff0000;\"><a style=\"color: #ff0000;\" href=\"https:\/\/www.tennisclubsaintpriest.fr\/tcsp\/wp-content\/uploads\/2022\/09\/sm45_tf.pdf\" target=\"_blank\" rel=\"noopener\">Tableau final<\/a><\/span><\/li>\n<\/ul>\n<\/li>\n<li>Simple messieurs plus de 55 ans\n<ul>\n<li><span style=\"color: #ff0000;\"><a style=\"color: #ff0000;\" href=\"https:\/\/www.tennisclubsaintpriest.fr\/tcsp\/wp-content\/uploads\/2022\/09\/sm55_nc-30_1.pdf\" target=\"_blank\" rel=\"noopener\"><span style=\"color: #000000;\"><span style=\"color: #ff0000;\">Non class\u00e9 \u00e0 30\/2<\/span><\/span><\/a><\/span><span style=\"color: #000000;\"><span style=\"color: #ff0000;\"> (tableau complet)<\/span><br \/><\/span><\/li>\n<li><span style=\"color: #ff0000;\"><a style=\"color: #ff0000;\" href=\"https:\/\/www.tennisclubsaintpriest.fr\/tcsp\/wp-content\/uploads\/2022\/09\/sm55_30_1-15_5.pdf\" target=\"_blank\" rel=\"noopener\">30\/1 \u00e0 15\/5<\/a> (tableau complet)<\/span><\/li>\n<li><span style=\"color: #ff0000;\"><a style=\"color: #ff0000;\" href=\"https:\/\/www.tennisclubsaintpriest.fr\/tcsp\/wp-content\/uploads\/2022\/09\/sm55_tf.pdf\" target=\"_blank\" rel=\"noopener\">Tableau final<\/a><\/span><\/li>\n<\/ul>\n<\/li>\n<li>Simple messieurs plus de 65 ans\n<ul>\n<li><span style=\"color: #ff0000;\"><a style=\"color: #ff0000;\" href=\"https:\/\/www.tennisclubsaintpriest.fr\/tcsp\/wp-content\/uploads\/2022\/09\/sm65_nc-30_1.pdf\" target=\"_blank\" rel=\"noopener\">Non class\u00e9 \u00e0 30\/1<\/a>\u00a0 (tableau complet)<\/span><\/li>\n<li><span style=\"color: #ff0000;\"><a style=\"color: #ff0000;\" href=\"https:\/\/www.tennisclubsaintpriest.fr\/tcsp\/wp-content\/uploads\/2022\/09\/sm65_tf.pdf\">Tableau final<\/a><\/span><\/li>\n<\/ul>\n<\/li>\n<\/ul>\n","protected":false},"excerpt":{"rendered":"<p>Simple Dames seniors Non class\u00e9e \u00e0 30\/1 (tableau complet) 30 \u00e0 15\/3 (tableau complet) 15\/2 \u00e0 15\/1 (tableau complet) 15 \u00e0 4\/6 (tableau complet) 3\/6 \u00e0 1\/6 (tableau complet) Tableau pr\u00e9-final (tableau complet) Tableau final Simple messieurs seniors Non class\u00e9 \u00e0 30\/3 (tableau complet) 30\/2 \u00e0 30 (tableau complet) 15\/5 \u00e0 15\/3 (tableau complet) 15\/2 [&hellip;]<\/p>\n","protected":false},"author":10,"featured_media":0,"parent":0,"menu_order":0,"comment_status":"closed","ping_status":"closed","template":"","meta":{"footnotes":""},"class_list":["post-4033","page","type-page","status-publish","hentry"],"acf":[],"_links":{"self":[{"href":"https:\/\/www.tennisclubsaintpriest.fr\/tcsp\/wp-json\/wp\/v2\/pages\/4033","targetHints":{"allow":["GET"]}}],"collection":[{"href":"https:\/\/www.tennisclubsaintpriest.fr\/tcsp\/wp-json\/wp\/v2\/pages"}],"about":[{"href":"https:\/\/www.tennisclubsaintpriest.fr\/tcsp\/wp-json\/wp\/v2\/types\/page"}],"author":[{"embeddable":true,"href":"https:\/\/www.tennisclubsaintpriest.fr\/tcsp\/wp-json\/wp\/v2\/users\/10"}],"replies":[{"embeddable":true,"href":"https:\/\/www.tennisclubsaintpriest.fr\/tcsp\/wp-json\/wp\/v2\/comments?post=4033"}],"version-history":[{"count":42,"href":"https:\/\/www.tennisclubsaintpriest.fr\/tcsp\/wp-json\/wp\/v2\/pages\/4033\/revisions"}],"predecessor-version":[{"id":4154,"href":"https:\/\/www.tennisclubsaintpriest.fr\/tcsp\/wp-json\/wp\/v2\/pages\/4033\/revisions\/4154"}],"wp:attachment":[{"href":"https:\/\/www.tennisclubsaintpriest.fr\/tcsp\/wp-json\/wp\/v2\/media?parent=4033"}],"curies":[{"name":"wp","href":"https:\/\/api.w.org\/{rel}","templated":true}]}}