{"id":57,"date":"2015-06-27T00:07:48","date_gmt":"2015-06-26T23:07:48","guid":{"rendered":"http:\/\/88.168.60.109\/tcsp\/?page_id=57"},"modified":"2017-07-27T10:38:31","modified_gmt":"2017-07-27T09:38:31","slug":"le-plan-dacces","status":"publish","type":"page","link":"https:\/\/www.tennisclubsaintpriest.fr\/tcsp\/le-club\/le-plan-dacces\/","title":{"rendered":"Le plan d&rsquo;acc\u00e8s"},"content":{"rendered":"<h3>Tennis Club de Saint-Priest<\/h3>\n<p><strong>BP 209<\/strong><br \/>\n<strong>30 avenue Pierre Mend\u00e8s France<\/strong><br \/>\n<strong>69802 SAINT-PRIEST CEDEX<\/strong><\/p>\n<p>Tel : <strong>04 78 20 38 33<\/strong><br \/>\nEmail : <strong><a href=\"mailto:tennisclub.sp@gmail.com\">tennisclub.sp@gmail.com<\/a><\/strong><\/p>\n<p>Pour nous trouver depuis l&rsquo;autoroute, prenez la sortie Saint-Priest Bel-Air. Tournez \u00e0 droite puis tout droit jusqu&rsquo;au rond point rue de la cordi\u00e8re.<br \/>\nAu rond point, 1ere sortie \u00e0 droite sur l&rsquo;avenue Pierre Mendes france. Le Club se trouve sur votre gauche en face du stade de Rugby.<\/p>\n<div class=\"su-gmap su-u-responsive-media-yes\"><iframe loading=\"lazy\" width=\"600\" height=\"400\" src=\"\/\/maps.google.com\/maps?q=30%20avenue%20pierre%20mendes%20france%2C%2069800%20Saint-Priest&amp;output=embed\" title=\"\"><\/iframe><\/div>\n","protected":false},"excerpt":{"rendered":"<p>Tennis Club de Saint-Priest BP 209 30 avenue Pierre Mend\u00e8s France 69802 SAINT-PRIEST CEDEX Tel : 04 78 20 38 33 Email : tennisclub.sp@gmail.com Pour nous trouver depuis l&rsquo;autoroute, prenez la sortie Saint-Priest Bel-Air. Tournez \u00e0 droite puis tout droit jusqu&rsquo;au rond point rue de la cordi\u00e8re. Au rond point, 1ere sortie \u00e0 droite sur [&hellip;]<\/p>\n","protected":false},"author":1,"featured_media":0,"parent":115,"menu_order":0,"comment_status":"closed","ping_status":"closed","template":"template.page.fullwidth.accueil.php","meta":{"footnotes":""},"class_list":["post-57","page","type-page","status-publish","hentry"],"acf":[],"_links":{"self":[{"href":"https:\/\/www.tennisclubsaintpriest.fr\/tcsp\/wp-json\/wp\/v2\/pages\/57","targetHints":{"allow":["GET"]}}],"collection":[{"href":"https:\/\/www.tennisclubsaintpriest.fr\/tcsp\/wp-json\/wp\/v2\/pages"}],"about":[{"href":"https:\/\/www.tennisclubsaintpriest.fr\/tcsp\/wp-json\/wp\/v2\/types\/page"}],"author":[{"embeddable":true,"href":"https:\/\/www.tennisclubsaintpriest.fr\/tcsp\/wp-json\/wp\/v2\/users\/1"}],"replies":[{"embeddable":true,"href":"https:\/\/www.tennisclubsaintpriest.fr\/tcsp\/wp-json\/wp\/v2\/comments?post=57"}],"version-history":[{"count":11,"href":"https:\/\/www.tennisclubsaintpriest.fr\/tcsp\/wp-json\/wp\/v2\/pages\/57\/revisions"}],"predecessor-version":[{"id":2286,"href":"https:\/\/www.tennisclubsaintpriest.fr\/tcsp\/wp-json\/wp\/v2\/pages\/57\/revisions\/2286"}],"up":[{"embeddable":true,"href":"https:\/\/www.tennisclubsaintpriest.fr\/tcsp\/wp-json\/wp\/v2\/pages\/115"}],"wp:attachment":[{"href":"https:\/\/www.tennisclubsaintpriest.fr\/tcsp\/wp-json\/wp\/v2\/media?parent=57"}],"curies":[{"name":"wp","href":"https:\/\/api.w.org\/{rel}","templated":true}]}}