{"id":59,"date":"2015-06-27T00:08:07","date_gmt":"2015-06-26T23:08:07","guid":{"rendered":"http:\/\/88.168.60.109\/tcsp\/?page_id=59"},"modified":"2020-09-17T16:23:24","modified_gmt":"2020-09-17T15:23:24","slug":"les-tarifs","status":"publish","type":"page","link":"https:\/\/www.tennisclubsaintpriest.fr\/tcsp\/le-club\/les-tarifs\/","title":{"rendered":"Les tarifs"},"content":{"rendered":"<h1><span style=\"font-size: 24pt;\"><strong><span style=\"font-family: 'arial black', 'avant garde';\">Les tarifs pour l&rsquo;ann\u00e9e 2020\/2021<\/span><\/strong><\/span><\/h1>\n<h3><span style=\"font-family: arial, helvetica, sans-serif;\">1- Cotisation adultes :<br \/>\nPour jouer toute l&rsquo;ann\u00e9e et pouvoir s&rsquo;inscrire \u00e0 des tournois\u00a0: <em>Cotisation + licence<\/em><\/span><\/h3>\n<p>La formule permet l&rsquo;acc\u00e8s pour une ann\u00e9e au club. Elle comprend la licence qui permet de s&rsquo;inscrire aux tournois homologu\u00e9s et d&rsquo;acqu\u00e9rir un classement en fonction de ses r\u00e9sultats.<br \/>\nLa formule permet aussi de pouvoir r\u00e9server des courts en int\u00e9rieur ou ext\u00e9rieur via internet, par t\u00e9l\u00e9phone ou directement aupr\u00e8s de nos permanentes.<\/p>\n<table style=\"height: 377px; background-color: #ffffff; width: 87.069%;\" border=\"1\" width=\"899\">\n<tbody>\n<tr style=\"background-color: #fffb91;\">\n<td style=\"text-align: center; height: 119px;\"><span style=\"font-family: arial, helvetica, sans-serif;\"><strong>ANNUELLE<\/strong>\u00a0<\/span><\/td>\n<td style=\"text-align: center; height: 119px;\">\n<h4><span style=\"font-family: arial, helvetica, sans-serif;\">TENNIS<br \/>\n<\/span><\/h4>\n<\/td>\n<td style=\"text-align: center; height: 119px;\">\n<h4><span style=\"font-family: arial, helvetica, sans-serif;\">PADEL (Hors licence)<br \/>\n<\/span><\/h4>\n<\/td>\n<td style=\"text-align: center; height: 119px;\">\n<h4><span style=\"font-family: arial, helvetica, sans-serif;\">TENNIS + PADEL<\/span><\/h4>\n<\/td>\n<\/tr>\n<tr style=\"height: 25px;\">\n<td style=\"text-align: center; height: 25px;\"><span style=\"font-family: arial, helvetica, sans-serif;\">Adulte seul<\/span><\/td>\n<td style=\"text-align: center; height: 25px;\"><span style=\"font-family: arial, helvetica, sans-serif;\"><strong>230\u20ac<\/strong><\/span><\/td>\n<td style=\"text-align: center; height: 25px;\"><span style=\"font-family: arial, helvetica, sans-serif;\"><strong>140\u20ac<\/strong><\/span><\/td>\n<td style=\"text-align: center; height: 25px;\"><span style=\"font-family: arial, helvetica, sans-serif;\"><strong>270\u20ac<\/strong><\/span><\/td>\n<\/tr>\n<tr style=\"height: 25px;\">\n<td style=\"text-align: center; height: 25px;\"><span style=\"font-family: arial, helvetica, sans-serif;\">\u00c9tudiant<\/span><\/td>\n<td style=\"text-align: center; height: 25px;\"><span style=\"font-family: arial, helvetica, sans-serif;\"><strong>200\u20ac<\/strong><\/span><\/td>\n<td style=\"text-align: center; height: 25px;\"><span style=\"font-family: arial, helvetica, sans-serif;\"><strong>125\u20ac<\/strong><\/span><\/td>\n<td style=\"text-align: center; height: 25px;\"><span style=\"font-family: arial, helvetica, sans-serif;\"><strong>240\u20ac<\/strong><\/span><\/td>\n<\/tr>\n<tr style=\"height: 25px;\">\n<td style=\"text-align: center; height: 25px;\"><span style=\"font-family: arial, helvetica, sans-serif;\">CE<span style=\"color: #ff0000;\"><sup>1<\/sup><\/span><\/span><\/td>\n<td style=\"text-align: center; height: 25px;\"><span style=\"font-family: arial, helvetica, sans-serif;\"><strong>200\u20ac<\/strong><\/span><\/td>\n<td style=\"text-align: center; height: 25px;\"><span style=\"font-family: arial, helvetica, sans-serif;\"><strong>125\u20ac<\/strong><\/span><\/td>\n<td style=\"text-align: center; height: 25px;\"><span style=\"font-family: arial, helvetica, sans-serif;\"><strong>240\u20ac<\/strong><\/span><\/td>\n<\/tr>\n<tr style=\"height: 25px;\">\n<td style=\"text-align: center; height: 25px;\"><span style=\"font-family: arial, helvetica, sans-serif;\">Couple<\/span><\/td>\n<td style=\"text-align: center; height: 25px;\"><span style=\"font-family: arial, helvetica, sans-serif;\"><strong>420\u20ac<\/strong><\/span><\/td>\n<td style=\"text-align: center; height: 25px;\"><span style=\"font-family: arial, helvetica, sans-serif;\"><strong>260\u20ac<\/strong><\/span><\/td>\n<td style=\"text-align: center; height: 25px;\"><span style=\"font-family: arial, helvetica, sans-serif;\"><strong>500\u20ac<\/strong><\/span><\/td>\n<\/tr>\n<tr style=\"height: 25px;\">\n<td style=\"text-align: center; height: 25px;\"><span style=\"font-family: arial, helvetica, sans-serif;\">Couple \u00c9tudiants<br \/>\n<\/span><\/td>\n<td style=\"text-align: center; height: 25px;\"><span style=\"font-family: arial, helvetica, sans-serif;\"><strong>375\u20ac<\/strong><\/span><\/td>\n<td style=\"text-align: center; height: 25px;\"><span style=\"font-family: arial, helvetica, sans-serif;\"><strong>235\u20ac<\/strong><\/span><\/td>\n<td style=\"text-align: center; height: 25px;\"><span style=\"font-family: arial, helvetica, sans-serif;\"><strong>455\u20ac<\/strong><\/span><\/td>\n<\/tr>\n<tr style=\"height: 49px;\">\n<td style=\"text-align: center; height: 49px;\"><span style=\"font-family: arial, helvetica, sans-serif;\">Entra\u00eenement \u00e9quipe<span style=\"color: #ff0000;\"><sup>2<\/sup><\/span><\/span><\/td>\n<td style=\"text-align: center; height: 49px;\"><span style=\"font-family: arial, helvetica, sans-serif;\"><strong>150\u20ac\/28 s\u00e9ances<br \/>\n<\/strong><\/span><\/td>\n<td style=\"text-align: center; height: 49px;\"><span style=\"font-family: arial, helvetica, sans-serif;\"><strong>&#8211;<\/strong><\/span><\/td>\n<td style=\"text-align: center; height: 49px;\"><span style=\"font-family: arial, helvetica, sans-serif;\"><strong>&#8211;<\/strong><\/span><\/td>\n<\/tr>\n<\/tbody>\n<\/table>\n<p><span style=\"color: #ffffff;\">a<\/span><\/p>\n<table style=\"width: 87.2414%; border-collapse: collapse; height: 60px;\" border=\"1\">\n<tbody>\n<tr>\n<td style=\"width: 26.9901%;\" rowspan=\"2\">LICENCE FFT COMPRISE DANS LA COTISATION<\/td>\n<td style=\"width: 21.2056%; text-align: center;\">Adulte<\/td>\n<td style=\"width: 28.994%; text-align: center;\">7-8 ans<\/td>\n<td style=\"width: 23.8083%; text-align: center;\">4-6 ans<\/td>\n<\/tr>\n<tr>\n<td style=\"width: 21.2056%; text-align: center;\">30\u2009\u20ac<\/td>\n<td style=\"width: 28.994%; text-align: center;\">20 \u20ac<\/td>\n<td style=\"width: 23.8083%; text-align: center;\">12 \u20ac<\/td>\n<\/tr>\n<\/tbody>\n<\/table>\n<h3><span style=\"font-family: arial, helvetica, sans-serif;\">2- Cours Collectifs adulte : <\/span><span style=\"font-family: arial, helvetica, sans-serif;\">Pour jouer toute l&rsquo;ann\u00e9e, s\u2019entra\u00eener\u00a0et pouvoir s&rsquo;inscrire \u00e0 des tournois\u00a0<\/span><span style=\"font-family: arial, helvetica, sans-serif;\">: Le\u00a0<i>Tennis loisir<\/i><\/span><\/h3>\n<p>Comprend la cotisation + licence + le\u00e7ons<\/p>\n<table style=\"height: 472px; background-color: #ffffff; width: 86.7246%;\" border=\"1\" width=\"899\">\n<thead>\n<tr style=\"background-color: #fffb91;\">\n<td style=\"text-align: center; width: 19.646%;\" rowspan=\"2\">\n<h6><strong><span style=\"font-family: arial, helvetica, sans-serif;\">ANNUELLE\u00a0<\/span><span style=\"font-family: arial, helvetica, sans-serif;\">\u00a0<\/span><\/strong><\/h6>\n<\/td>\n<td style=\"text-align: center; width: 67.0359%;\" colspan=\"4\">\n<h6><span style=\"font-family: arial, helvetica, sans-serif;\">TE<\/span><span style=\"font-family: arial, helvetica, sans-serif;\">NNIS<\/span><\/h6>\n<\/td>\n<td style=\"text-align: center; width: 12.1884%;\">\n<h6><span style=\"font-family: arial, helvetica, sans-serif;\">PADEL<br \/>\n<\/span><\/h6>\n<\/td>\n<\/tr>\n<tr style=\"background-color: #fffb91;\">\n<td style=\"text-align: center; width: 17.867%;\">\n<h6><span style=\"font-family: arial, helvetica, sans-serif;\">28 x 1h ext\u00e9rieur<\/span><\/h6>\n<\/td>\n<td style=\"text-align: center; width: 14.9584%;\">\n<h6><span style=\"font-family: arial, helvetica, sans-serif;\">+Acc\u00e8s Padel<br \/>\n<\/span><\/h6>\n<\/td>\n<td style=\"text-align: center; width: 18.2825%;\">\n<h6><span style=\"font-family: arial, helvetica, sans-serif;\">28 x 1h30 int\u00e9rieur<\/span><\/h6>\n<\/td>\n<td style=\"text-align: center; width: 15.928%;\">\n<h6><span style=\"font-family: arial, helvetica, sans-serif;\">+ Acc\u00e8s padel<\/span><\/h6>\n<\/td>\n<td style=\"text-align: center; width: 12.1884%;\">\n<h6><span style=\"font-family: arial, helvetica, sans-serif;\">20 x 1 h ext\u00e9rieur<br \/>\n<\/span><\/h6>\n<\/td>\n<\/tr>\n<\/thead>\n<tbody>\n<tr>\n<td style=\"text-align: center; width: 19.646%;\"><span style=\"font-family: arial, helvetica, sans-serif;\">Adulte seul<\/span><\/td>\n<td style=\"text-align: center; width: 17.867%;\"><span style=\"font-family: arial, helvetica, sans-serif;\"><strong>415\u20ac<\/strong><\/span><\/td>\n<td style=\"text-align: center; width: 14.9584%;\"><span style=\"font-family: arial, helvetica, sans-serif;\"><strong>+40\u20ac<\/strong><\/span><\/td>\n<td style=\"text-align: center; width: 18.2825%;\"><span style=\"font-family: arial, helvetica, sans-serif;\"><strong>515\u20ac<\/strong><\/span><\/td>\n<td style=\"text-align: center; width: 15.928%;\"><span style=\"font-family: arial, helvetica, sans-serif;\"><strong>+40\u20ac<\/strong><\/span><\/td>\n<td style=\"text-align: center; width: 12.1884%;\"><span style=\"font-family: arial, helvetica, sans-serif;\"><strong>\u00a0385 \u20ac<br \/>\n<\/strong><\/span><\/td>\n<\/tr>\n<tr>\n<td style=\"text-align: center; width: 19.646%;\"><span style=\"font-family: arial, helvetica, sans-serif;\">\u00c9tudiant<\/span><\/td>\n<td style=\"text-align: center; width: 17.867%;\"><span style=\"font-family: arial, helvetica, sans-serif;\"><strong>395\u20ac<\/strong><\/span><\/td>\n<td style=\"text-align: center; width: 14.9584%;\"><span style=\"font-family: arial, helvetica, sans-serif;\"><strong>+40\u20ac<\/strong><\/span><\/td>\n<td style=\"text-align: center; width: 18.2825%;\"><span style=\"font-family: arial, helvetica, sans-serif;\"><strong>490\u20ac<\/strong><\/span><\/td>\n<td style=\"text-align: center; width: 15.928%;\"><span style=\"font-family: arial, helvetica, sans-serif;\"><strong>+40\u20ac<\/strong><\/span><\/td>\n<td style=\"text-align: center; width: 12.1884%;\"><span style=\"font-family: arial, helvetica, sans-serif;\"><strong>\u00a0365 \u20ac<br \/>\n<\/strong><\/span><\/td>\n<\/tr>\n<tr>\n<td style=\"text-align: center; width: 19.646%;\"><span style=\"font-family: arial, helvetica, sans-serif;\">CE<sup><span style=\"color: #ff0000;\">1<\/span><\/sup><\/span><\/td>\n<td style=\"text-align: center; width: 17.867%;\"><span style=\"font-family: arial, helvetica, sans-serif;\"><strong>395\u20ac<\/strong><\/span><\/td>\n<td style=\"text-align: center; width: 14.9584%;\"><span style=\"font-family: arial, helvetica, sans-serif;\"><strong>40\u20ac<\/strong><\/span><\/td>\n<td style=\"text-align: center; width: 18.2825%;\"><span style=\"font-family: arial, helvetica, sans-serif;\"><strong>490\u20ac<\/strong><\/span><\/td>\n<td style=\"text-align: center; width: 15.928%;\"><span style=\"font-family: arial, helvetica, sans-serif;\"><strong>+40\u20ac<\/strong><\/span><\/td>\n<td style=\"text-align: center; width: 12.1884%;\"><span style=\"font-family: arial, helvetica, sans-serif;\"><strong>\u00a0365 \u20ac<br \/>\n<\/strong><\/span><\/td>\n<\/tr>\n<tr>\n<td style=\"text-align: center; width: 19.646%;\"><span style=\"font-family: arial, helvetica, sans-serif;\">Couple<\/span><\/td>\n<td style=\"text-align: center; width: 17.867%;\"><span style=\"font-family: arial, helvetica, sans-serif;\"><strong>790\u20ac \/ couple<\/strong><\/span><\/td>\n<td style=\"text-align: center; width: 14.9584%;\"><span style=\"font-family: arial, helvetica, sans-serif;\"><strong>+80\u20ac<\/strong><\/span><\/td>\n<td style=\"text-align: center; width: 18.2825%;\"><span style=\"font-family: arial, helvetica, sans-serif;\"><strong>980\u20ac \/ couple<\/strong><\/span><\/td>\n<td style=\"text-align: center; width: 15.928%;\"><span style=\"font-family: arial, helvetica, sans-serif;\"><strong>+80\u20ac<\/strong><\/span><\/td>\n<td style=\"text-align: center; width: 12.1884%;\"><span style=\"font-family: arial, helvetica, sans-serif;\"><strong>730 \u20ac \/couple<br \/>\n<\/strong><\/span><\/td>\n<\/tr>\n<tr>\n<td style=\"text-align: center; width: 19.646%;\"><span style=\"font-family: arial, helvetica, sans-serif;\">Couple \u00c9tudiants<\/span><\/td>\n<td style=\"text-align: center; width: 17.867%;\"><span style=\"font-family: arial, helvetica, sans-serif;\"><strong>750\u20ac \/ couple<\/strong><\/span><\/td>\n<td style=\"text-align: center; width: 14.9584%;\"><span style=\"font-family: arial, helvetica, sans-serif;\"><strong>+ 80\u20ac<br \/>\n<\/strong><\/span><\/td>\n<td style=\"text-align: center; width: 18.2825%;\"><span style=\"font-family: arial, helvetica, sans-serif;\"><strong>930\u20ac \/ couple<\/strong><\/span><\/td>\n<td style=\"text-align: center; width: 15.928%;\"><span style=\"font-family: arial, helvetica, sans-serif;\"><strong>+80\u20ac<\/strong><\/span><\/td>\n<td style=\"text-align: center; width: 12.1884%;\"><span style=\"font-family: arial, helvetica, sans-serif;\"><strong> 690 \u20ac \/couple <\/strong><\/span><\/td>\n<\/tr>\n<\/tbody>\n<\/table>\n<h3><span style=\"font-family: arial, helvetica, sans-serif;\">3-\u00a0Ecole de tennis\/ padel<br \/>\n<\/span><\/h3>\n<p><span style=\"font-family: arial, helvetica, sans-serif;\">Pour les plus jeunes, ils ont acc\u00e8s au club quand ils le souhaitent, peuvent r\u00e9server par internet et faire des tournois gr\u00e2ce \u00e0 la licence.<\/span><\/p>\n<table style=\"height: 441px; background-color: #ffffff; width: 87.5858%;\" border=\"1\" width=\"899\">\n<tbody>\n<tr style=\"background-color: #fffb91;\">\n<td style=\"text-align: center; height: 111px; width: 171.3px;\">\n<h4><span style=\"font-family: arial, helvetica, sans-serif;\">Formule<\/span><\/h4>\n<\/td>\n<td style=\"text-align: center; height: 111px; width: 405.717px;\">\n<h4><span style=\"font-family: arial, helvetica, sans-serif;\">Nombre d&rsquo;heure par semaine<\/span><\/h4>\n<\/td>\n<td style=\"text-align: center; height: 111px; width: 56.9667px;\">\n<h4><span style=\"font-family: arial, helvetica, sans-serif;\">Tarifs<\/span><\/h4>\n<\/td>\n<\/tr>\n<tr style=\"background-color: #ffffff; border-color: #000000;\">\n<td style=\"text-align: center; height: 60px; width: 171.3px;\"><span style=\"font-family: arial, helvetica, sans-serif;\">Mini tennis (de 4 \u00e0 5\u00a0ans)<\/span><\/td>\n<td style=\"text-align: center; height: 60px; width: 405.717px;\"><span style=\"font-family: arial, helvetica, sans-serif;\"><strong>1h<\/strong><\/span><\/td>\n<td style=\"text-align: center; height: 60px; width: 56.9667px;\"><span style=\"font-family: arial, helvetica, sans-serif;\"><strong>180\u20ac<\/strong><\/span><\/td>\n<\/tr>\n<tr style=\"background-color: #ffffff; border-color: #000000;\">\n<td style=\"text-align: center; height: 60px; width: 171.3px;\"><span style=\"font-family: arial, helvetica, sans-serif;\">\u00c9cole de tennis (de 6 \u00e0 18 ans)<\/span><\/td>\n<td style=\"text-align: center; height: 60px; width: 405.717px;\"><span style=\"font-family: arial, helvetica, sans-serif;\"><strong>1h30<\/strong><\/span><\/td>\n<td style=\"text-align: center; height: 60px; width: 56.9667px;\"><span style=\"font-family: arial, helvetica, sans-serif;\"><strong>255\u20ac<\/strong><\/span><\/td>\n<\/tr>\n<tr style=\"height: 47px;\">\n<td style=\"text-align: center; width: 171.3px; height: 47px;\"><span style=\"font-family: arial, helvetica, sans-serif;\">Centre de perfectionnement<br \/>\n<\/span><\/td>\n<td style=\"text-align: center; width: 405.717px; height: 47px;\"><span style=\"font-family: arial, helvetica, sans-serif;\"><strong>1h30<br \/>\n<\/strong><\/span><\/td>\n<td style=\"text-align: center; width: 56.9667px; height: 47px;\"><span style=\"font-family: arial, helvetica, sans-serif;\"><strong>380\u20ac<br \/>\n<\/strong><\/span><\/td>\n<\/tr>\n<tr style=\"background-color: #ffffff; border-color: #000000;\">\n<td style=\"text-align: center; height: 60px; width: 171.3px;\"><span style=\"font-family: arial, helvetica, sans-serif;\">Centre de comp\u00e9tition<\/span><\/td>\n<td style=\"text-align: center; height: 60px; width: 405.717px;\"><span style=\"font-family: arial, helvetica, sans-serif;\"><strong>1h30 \u00e9cole de tennis + 1h30 centre de comp\u00e9tition (en int\u00e9rieur, 25%\u00a0 \u00e0 la charge du club)<\/strong><\/span><\/td>\n<td style=\"text-align: center; height: 60px; width: 56.9667px;\"><span style=\"font-family: arial, helvetica, sans-serif;\"><strong>415\u20ac<\/strong><\/span><\/td>\n<\/tr>\n<tr style=\"background-color: #ffffff; border-color: #000000;\">\n<td style=\"text-align: center; height: 32px; width: 171.3px;\"><span style=\"font-family: arial, helvetica, sans-serif;\">Ecole de Padel<\/span><\/td>\n<td style=\"text-align: center; height: 32px; width: 405.717px;\"><span style=\"font-family: arial, helvetica, sans-serif;\"><strong>1h x 20 s\u00e9ances<\/strong><\/span><\/td>\n<td style=\"text-align: center; height: 32px; width: 56.9667px;\"><span style=\"font-family: arial, helvetica, sans-serif;\"><strong>190\u20ac<\/strong><\/span><\/td>\n<\/tr>\n<tr style=\"height: 47px;\">\n<td style=\"text-align: center; width: 171.3px; height: 47px;\"><span style=\"font-family: arial, helvetica, sans-serif;\">Centre d&rsquo;entra\u00eenement<br \/>\n<\/span><\/td>\n<td style=\"text-align: center; width: 405.717px; height: 47px;\"><span style=\"font-family: arial, helvetica, sans-serif;\"><strong>Nombre de s\u00e9ances \u00e9valu\u00e9 par le directeur sportif<br \/>\n<\/strong><\/span><\/td>\n<td style=\"text-align: center; width: 56.9667px; height: 47px;\"><span style=\"font-family: arial, helvetica, sans-serif;\"><strong>\u00a0<\/strong><\/span><\/td>\n<\/tr>\n<\/tbody>\n<\/table>\n<p><span style=\"text-decoration: underline;\">R\u00e9ductions :<\/span><\/p>\n<ul>\n<li>Les adh\u00e9rents 2nde s\u00e9rie (de 15 \u00e0 4\/6 inclus) au 1er septembre et repr\u00e9sentant le club en \u00e9quipe se verront appliquer une demi cotisation (130\u20ac).<span style=\"text-decoration: underline;\"><br \/>\n<\/span><\/li>\n<li>3\u1d49 personne de la m\u00eame famille : -30 % sur la plus basse cotisation &#8211; 4\u1d49 personne de la m\u00eame famille : -50 % sur la plus basse cotisation&#8230;<\/li>\n<li>\u00c0 partir du 1er janvier, le montant des cotisations TENNIS sera calcul\u00e9 au prorata du mois d&rsquo;inscription.<\/li>\n<\/ul>\n<pre><span style=\"color: #ff0000;\">(1)<span style=\"color: #000000;\">Tarif CE \u00e0 partir de 3 personnes d'une m\u00eame entreprise sur pr\u00e9sentation d'un justificatif.\n<span style=\"color: #ff0000;\">(2) <span style=\"color: #000000;\">S'engager \u00e0 faire au moins 4 rencontres sur les 5 pr\u00e9vues lors du championnat par \u00e9quipe.<\/span><\/span><\/span><\/span><\/pre>\n","protected":false},"excerpt":{"rendered":"<p>Les tarifs pour l&rsquo;ann\u00e9e 2020\/2021 1- Cotisation adultes : Pour jouer toute l&rsquo;ann\u00e9e et pouvoir s&rsquo;inscrire \u00e0 des tournois\u00a0: Cotisation + licence La formule permet l&rsquo;acc\u00e8s pour une ann\u00e9e au club. Elle comprend la licence qui permet de s&rsquo;inscrire aux tournois homologu\u00e9s et d&rsquo;acqu\u00e9rir un classement en fonction de ses r\u00e9sultats. La formule permet aussi [&hellip;]<\/p>\n","protected":false},"author":1,"featured_media":0,"parent":115,"menu_order":0,"comment_status":"open","ping_status":"closed","template":"template.page.fullwidth.php","meta":{"footnotes":""},"class_list":["post-59","page","type-page","status-publish","hentry"],"acf":[],"_links":{"self":[{"href":"https:\/\/www.tennisclubsaintpriest.fr\/tcsp\/wp-json\/wp\/v2\/pages\/59","targetHints":{"allow":["GET"]}}],"collection":[{"href":"https:\/\/www.tennisclubsaintpriest.fr\/tcsp\/wp-json\/wp\/v2\/pages"}],"about":[{"href":"https:\/\/www.tennisclubsaintpriest.fr\/tcsp\/wp-json\/wp\/v2\/types\/page"}],"author":[{"embeddable":true,"href":"https:\/\/www.tennisclubsaintpriest.fr\/tcsp\/wp-json\/wp\/v2\/users\/1"}],"replies":[{"embeddable":true,"href":"https:\/\/www.tennisclubsaintpriest.fr\/tcsp\/wp-json\/wp\/v2\/comments?post=59"}],"version-history":[{"count":49,"href":"https:\/\/www.tennisclubsaintpriest.fr\/tcsp\/wp-json\/wp\/v2\/pages\/59\/revisions"}],"predecessor-version":[{"id":3245,"href":"https:\/\/www.tennisclubsaintpriest.fr\/tcsp\/wp-json\/wp\/v2\/pages\/59\/revisions\/3245"}],"up":[{"embeddable":true,"href":"https:\/\/www.tennisclubsaintpriest.fr\/tcsp\/wp-json\/wp\/v2\/pages\/115"}],"wp:attachment":[{"href":"https:\/\/www.tennisclubsaintpriest.fr\/tcsp\/wp-json\/wp\/v2\/media?parent=59"}],"curies":[{"name":"wp","href":"https:\/\/api.w.org\/{rel}","templated":true}]}}