{"id":61,"date":"2015-06-27T00:08:37","date_gmt":"2015-06-26T23:08:37","guid":{"rendered":"http:\/\/88.168.60.109\/tcsp\/?page_id=61"},"modified":"2015-11-04T15:41:43","modified_gmt":"2015-11-04T14:41:43","slug":"le-reglement-interieur","status":"publish","type":"page","link":"https:\/\/www.tennisclubsaintpriest.fr\/tcsp\/le-club\/le-reglement-interieur\/","title":{"rendered":"Le reglement int\u00e9rieur"},"content":{"rendered":"<p>REGLEMENT INTERIEUR<\/p>\n<p>Ce r\u00e8glement a pour but d\u2019\u00e9dicter des dispositions s\u2019appliquant \u00e0 tous, dans l\u2019int\u00e9r\u00eat de tous, et destin\u00e9 \u00e0 \u00e9viter des abus. Un minimum d\u2019esprit sportif, de bon sens et de courtoisie devraient \u00e9viter tout litige \u00e0 son application.<\/p>\n<p>Article 1 : Membres \u2013 Cotisations<\/p>\n<p>Seuls sont membres du Club les personnes \u00e9tant \u00e0 jour de leur cotisation et les membres d\u2019honneur. La cotisation annuelle est valable \u00e0 partir du 1er Novembre de chaque ann\u00e9e. Le montant de la cotisation est r\u00e9vis\u00e9 chaque ann\u00e9e et soumis \u00e0 l\u2019approbation du Comit\u00e9 de Direction. Elle comprend l\u2019acc\u00e8s aux installations, la licence FFT (F\u00e9d\u00e9ration Fran\u00e7aise de Tennis) et l\u2019assurance. En accord avec la mairie les nouveaux adh\u00e9rents paient un droit d\u2019entr\u00e9e selon qu\u2019ils habitent Saint-Priest ou hors de la commune.<\/p>\n<p>Article 2 : Licence et assurance<\/p>\n<p>Les membres du Club sont licenci\u00e9s \u00e0 la FFT. Le licenci\u00e9 r\u00e9cup\u00e8re sur le site de la F\u00e9d\u00e9ration Fran\u00e7aise de Tennis sa licence d\u00e9finitive. Il b\u00e9n\u00e9ficie \u00e0 ce titre, d\u2019une assurance le couvrant hors d\u2019un accident durant le jeu sur les courts. Cette assurance agit :<\/p>\n<p>&#8211; En individuelle accident lors que le licenci\u00e9 est victime au cours ou l\u2019occasion de la pratique du tennis (y compris au cours de d\u00e9placements, animations, pour le compte du Club).<\/p>\n<p>&nbsp;<\/p>\n<p>&#8211; En responsabilit\u00e9 civile vis-\u00e0-vis des tiers lorsque le licenci\u00e9 est l\u2019auteur du dommage. Le licenci\u00e9 peut souscrire des garanties compl\u00e9mentaires s\u2019il le souhaite.<\/p>\n<p>Article 3 : Acc\u00e8s aux courts<\/p>\n<p>1) Acc\u00e8s g\u00e9n\u00e9ral : l\u2019acc\u00e8s aux courts est r\u00e9serv\u00e9 aux membres du Club licenci\u00e9s et \u00e0 jour de leur cotisation. L\u2019entr\u00e9e est libre et contr\u00f4l\u00e9e par les permanentes d\u00e9sign\u00e9es comme \u00ab secr\u00e9taires du Club \u00bb.<\/p>\n<p>2) R\u00e9servations : les r\u00e9servations se font aupr\u00e8s du secr\u00e9tariat . Le planning d\u2019utilisation d\u00e9termine les tranches horaires affect\u00e9es aux adh\u00e9rents du Club.<\/p>\n<p>A \u2013 Zone blanche \u2013 Zone rouge<\/p>\n<p>Les r\u00e9servations se font pour une heure de jeu en indiquant le nom des partenaires.<\/p>\n<p>3) Il est strictement interdit d\u2019utiliser des noms de complaisance.<\/p>\n<table border=\"1\" width=\"595\">\n<tbody>\n<tr>\n<td colspan=\"2\" width=\"50%\">Zone Blanche<\/p>\n<p><strong>On ne peut r\u00e9server que tous les 2 jours soit un jour plein sans jouer <\/strong><\/td>\n<td colspan=\"2\" width=\"50%\">Zone Rouge<\/p>\n<p><strong>On ne peut r\u00e9server que tous les 4 jours soit trois jours pleins sans jouer <\/strong><\/td>\n<\/tr>\n<tr>\n<td colspan=\"2\" width=\"50%\">Courts ext\u00e9rieurs<\/p>\n<p>Du lundi au Dimanche<\/td>\n<td colspan=\"2\" width=\"50%\">Heure d\u2019ouverture du Club<\/td>\n<\/tr>\n<tr>\n<td width=\"33%\">Courts Int\u00e9rieurs<\/p>\n<p>Du lundi au vendredi<\/p>\n<p>Samedi<\/p>\n<p>Dimanche<\/td>\n<td colspan=\"2\" width=\"33%\">De 9h00 \u00e0 18h00 et de 21h00 \u00e0 22h00<\/p>\n<p>De 12h00 \u00e0 19h00<\/p>\n<p>De 12h00 \u00e0 18h00<\/td>\n<td width=\"33%\">De 18h00 \u00e0 21h00<\/p>\n<p>De 9h00 \u00e0 12h00<\/p>\n<p>De 9h00 \u00e0 12h00<\/td>\n<\/tr>\n<\/tbody>\n<\/table>\n<p>B- D\u00e9lais de r\u00e9servation.<\/p>\n<p>Les r\u00e9servations se font obligatoirement dans un d\u00e9lai compris entre 2 jours \u00e0 l\u2019avance au maximum et l\u2019heure qui pr\u00e9c\u00e8de la pr\u00e9sence sur le court. Sortir d\u2019une zone blanche pour jouer dans une zone rouge et inversement donne lieu \u00e0 un jour plein sans jouer. Cependant, les adh\u00e9rents se pr\u00e9sentant physiquement \u00e0 l\u2019improviste, peuvent utiliser un court libre : cette proc\u00e9dure n\u2019\u00e9tant pas consid\u00e9r\u00e9e comme une r\u00e9servation. C\u2019est la r\u00e9servation et non la possibilit\u00e9 de jouer qui est limit\u00e9e \u00e0 1 heure par jour.<\/p>\n<p>Tout acc\u00e8s \u00e0 un court est subordonn\u00e9 \u00e0 l\u2019accord des secr\u00e9taires qui peuvent v\u00e9rifier, \u00e0 tout moment que les joueurs \u00e9tant sur les courts sont bien adh\u00e9rents du club ou se sont acquitt\u00e9s de leur r\u00e8glement (invit\u00e9s par exemple).<\/p>\n<p>Tout court non occup\u00e9 10 minutes apr\u00e8s le d\u00e9but de l\u2019heure de r\u00e9servation est disponible. Les retardataires perdent leur droit de r\u00e9servation et devront laisser jouer les personnes occupant le terrain \u00e0 condition que ces derni\u00e8res n\u2019aient pas d\u00e9j\u00e0 jou\u00e9 une heure pleine. Des r\u00e9servations ponctuelles et exceptionnelles peuvent \u00eatre affect\u00e9es \u00e0 la diligence du comit\u00e9 de Direction \u00ab comp\u00e9tition, enseignement, animations entrainements des \u00e9quipes de championnat etc \u2026).<\/p>\n<p>Le comit\u00e9 de direction se r\u00e9serve le droit de modifier les proc\u00e9dures de r\u00e9servation en fonction d\u2019\u00e9ventuelles saturations d\u00fbment constat\u00e9es.<\/p>\n<p>D\u00e8s que l\u2019heure de jeu est termin\u00e9e, les joueurs doivent lib\u00e9rer le court m\u00eame si le jeu ou le set n\u2019est pas termin\u00e9. Le respect de l\u2019horaire permet au joueur suivant de pratiquer leur match sur une heure pleine et souligne en m\u00eame temps la preuve d\u2019un parfait fair-play. L\u2019annulation d\u2019un court doit se faire plus d\u2019une heure avant de jouer sinon la r\u00e9servation est maintenue impliquant les d\u00e9lais de r\u00e9servation cit\u00e9s plus haut.<\/p>\n<p><span style=\"font-family: Arial,Arial; font-size: large;\"><span style=\"font-family: Arial,Arial; font-size: large;\"><b>Article 4 : Ecole de tennis et d\u00e9placements<\/b><\/span><\/span><span style=\"font-size: large;\">. <\/span><\/p>\n<p>Avant de d\u00e9poser leurs enfants au Club, les parents doivent s\u2019assurer qu\u2019il y a bien un responsable pour les accueillir. Les enfants restent sous l\u2019enti\u00e8re responsabilit\u00e9 des parents, sauf pendant le temps du cours. Les enfants \u00e9tant alors sous la responsabilit\u00e9 de l\u2019\u00e9ducateur ou encadrement. L\u2019inscription d\u2019un enfant \u00e0 l\u2019\u00e9cole de tennis entraine l\u2019autorisation parentale pour les d\u00e9placements occasionn\u00e9s par cette activit\u00e9 (comp\u00e9tition, entrainement etc\u2026).<\/p>\n<p>Les enfants de l\u2019\u00e9cole de tennis ont la possibilit\u00e9 de r\u00e9server les courts ext\u00e9rieurs et peuvent jouer sur les courts int\u00e9rieurs si ceux-ci sont libres de toute r\u00e9servation.<\/p>\n<p>Article 5 : Tenue<\/p>\n<p>Une tenue correcte et d\u00e9cente est de rigueur. Il est interdit de jouer torse nu. Les chaussures de tennis sont obligatoires pour la pratique du tennis et doivent \u00eatre adapt\u00e9es \u00e0 la nature du sol (pas de running ou chaussures qui pourraient marquer le sol).<\/p>\n<p>Article 6 : Entretien<\/p>\n<p>Le mat\u00e9riel mis \u00e0 la disposition des membres du club doit \u00eatre respect\u00e9 afin que chacun puisse en profiter dans les meilleures conditions. Les courts, club house et parties communes, doivent \u00eatre maintenus en parfait \u00e9tat de propret\u00e9.<\/p>\n<p>Article 7 : Discipline<\/p>\n<p>Sur les courts, il est interdit de fumer, cracher, jeter du chewing-gum, pratiquer une activit\u00e9 autre que le tennis etc \u2026 La pr\u00e9sence d\u2019animaux est interdite dans le club house, ils doivent \u00eatre maintenus en laisse \u00e0 l\u2019ext\u00e9rieur des courts. Il est interdit de laisser des enfants en bas \u00e2ge sur les courts et sans surveillance dans l\u2019enceinte du club. Les membres du comit\u00e9 de direction ont vocation \u00e0 p\u00e9n\u00e9trer sur les cours pour r\u00e9gler tout litige en suspens. En cas de faute grave d\u2019un adh\u00e9rent, le comit\u00e9 peut proc\u00e9der \u00e0 sa radiation temporaire ou d\u00e9finitive. La cotisation du membre exclue reste alors acquise au club.<\/p>\n<p>Article 8 : Invitation<\/p>\n<p>La possibilit\u00e9 d\u2019inviter des joueurs non adh\u00e9rents au club est propos\u00e9e afin de satisfaire certaines demandes et faire connaitre notre club sans lui porter pr\u00e9judice. Elle est bas\u00e9e sur la confiance et la correction.<\/p>\n<p>A \u2013 Invitations de membres non adh\u00e9rents au Club :<\/p>\n<p><span style=\"font-family: Arial,Arial; font-size: large;\"><span style=\"font-family: Arial,Arial; font-size: large;\"><b>Courts ext\u00e9rieurs <\/b><\/span><\/span><span style=\"font-size: large;\">: les invitations sont autoris\u00e9es pendant toute la dur\u00e9e d\u2019ouverture du club, sans aucunes restrictions. <\/span><\/p>\n<p><span style=\"font-family: Arial,Arial; font-size: large;\"><span style=\"font-family: Arial,Arial; font-size: large;\"><b>Courts int\u00e9rieurs <\/b><\/span><\/span><span style=\"font-size: large;\">: les invitations sont autoris\u00e9es pendant toute la dur\u00e9e d\u2019ouverture du club sauf pendant la zone rouge soit : <\/span><\/p>\n<p><span style=\"font-family: Calibri,Calibri; font-size: large;\"><span style=\"font-family: Calibri,Calibri; font-size: large;\">&#8211; <\/span><\/span><span style=\"font-size: large;\">Du lundi au vendredi de 18h00 \u00e0 21h00 <\/span><\/p>\n<p><span style=\"font-family: Calibri,Calibri; font-size: large;\"><span style=\"font-family: Calibri,Calibri; font-size: large;\">&#8211; <\/span><\/span><span style=\"font-size: large;\">Le Samedi et dimanche de 9h00 \u00e0 12h00 <\/span><\/p>\n<p><span style=\"font-size: large;\">B \u2013 Invitations pour les joueurs licenci\u00e9s au club jouant en 2<\/span><span style=\"font-size: xx-small;\">\u00e8me <\/span><span style=\"font-size: large;\">s\u00e9rie ; <\/span><\/p>\n<p><span style=\"font-size: large;\">Ils peuvent inviter gratuitement des joueurs class\u00e9s en 2<\/span><span style=\"font-size: xx-small;\">\u00e8me <\/span><span style=\"font-size: large;\">s\u00e9rie ou plus, \u00e0 condition de respecter les zones de non invitation. <\/span><\/p>\n<p>Tarif 2016 :<\/p>\n<p>Carte d\u2019invitations \u00e9lectroniques : 40 Euros les 10 tickets<\/p>\n<p>Location de courts int\u00e9rieurs :\u00a010 euros par heure ou deux tickets<\/p>\n<p>Location de courts ext\u00e9rieurs :\u00a05 euros ou un ticket<\/p>\n<p>Article 9 : Conditions g\u00e9n\u00e9rales<\/p>\n<p>Le club d\u00e9cline toute responsabilit\u00e9 en cas de perte ou de vol sur le court et dans les vestiaires. En vertu de son adh\u00e9sion, chaque membre prend connaissance du r\u00e8glement et s\u2019engage \u00e0 s\u2019y conformer et \u00e0 accepter les \u00e9ventuelles sanctions prises \u00e0 son encontre en cas de manquement, fraude ou faute.<\/p>\n<p>&nbsp;<\/p>\n","protected":false},"excerpt":{"rendered":"<p>REGLEMENT INTERIEUR Ce r\u00e8glement a pour but d\u2019\u00e9dicter des dispositions s\u2019appliquant \u00e0 tous, dans l\u2019int\u00e9r\u00eat de tous, et destin\u00e9 \u00e0 \u00e9viter des abus. Un minimum d\u2019esprit sportif, de bon sens et de courtoisie devraient \u00e9viter tout litige \u00e0 son application. Article 1 : Membres \u2013 Cotisations Seuls sont membres du Club les personnes \u00e9tant \u00e0 [&hellip;]<\/p>\n","protected":false},"author":1,"featured_media":0,"parent":115,"menu_order":0,"comment_status":"open","ping_status":"closed","template":"template.page.fullwidth.accueil.php","meta":{"footnotes":""},"class_list":["post-61","page","type-page","status-publish","hentry"],"acf":[],"_links":{"self":[{"href":"https:\/\/www.tennisclubsaintpriest.fr\/tcsp\/wp-json\/wp\/v2\/pages\/61","targetHints":{"allow":["GET"]}}],"collection":[{"href":"https:\/\/www.tennisclubsaintpriest.fr\/tcsp\/wp-json\/wp\/v2\/pages"}],"about":[{"href":"https:\/\/www.tennisclubsaintpriest.fr\/tcsp\/wp-json\/wp\/v2\/types\/page"}],"author":[{"embeddable":true,"href":"https:\/\/www.tennisclubsaintpriest.fr\/tcsp\/wp-json\/wp\/v2\/users\/1"}],"replies":[{"embeddable":true,"href":"https:\/\/www.tennisclubsaintpriest.fr\/tcsp\/wp-json\/wp\/v2\/comments?post=61"}],"version-history":[{"count":4,"href":"https:\/\/www.tennisclubsaintpriest.fr\/tcsp\/wp-json\/wp\/v2\/pages\/61\/revisions"}],"predecessor-version":[{"id":362,"href":"https:\/\/www.tennisclubsaintpriest.fr\/tcsp\/wp-json\/wp\/v2\/pages\/61\/revisions\/362"}],"up":[{"embeddable":true,"href":"https:\/\/www.tennisclubsaintpriest.fr\/tcsp\/wp-json\/wp\/v2\/pages\/115"}],"wp:attachment":[{"href":"https:\/\/www.tennisclubsaintpriest.fr\/tcsp\/wp-json\/wp\/v2\/media?parent=61"}],"curies":[{"name":"wp","href":"https:\/\/api.w.org\/{rel}","templated":true}]}}